{"id":746,"date":"2020-04-21T12:50:12","date_gmt":"2020-04-21T10:50:12","guid":{"rendered":"https:\/\/alsaprint.fr\/imprimerie\/?page_id=746"},"modified":"2020-04-21T12:57:40","modified_gmt":"2020-04-21T10:57:40","slug":"adhesifs-ultra-dechirables","status":"publish","type":"page","link":"https:\/\/alsaprint.fr\/imprimerie\/adhesifs-ultra-dechirables\/","title":{"rendered":"Adh\u00e9sifs ultra-d\u00e9chirables"},"content":{"rendered":"\t\t<div data-elementor-type=\"wp-page\" data-elementor-id=\"746\" class=\"elementor elementor-746\">\n\t\t\t\t\t\t<section class=\"elementor-section elementor-top-section elementor-element elementor-element-e4479bc elementor-section-boxed elementor-section-height-default elementor-section-height-default\" data-id=\"e4479bc\" data-element_type=\"section\" data-e-type=\"section\">\n\t\t\t\t\t\t<div class=\"elementor-container elementor-column-gap-default\">\n\t\t\t\t\t<div class=\"elementor-column elementor-col-100 elementor-top-column elementor-element elementor-element-944cd82\" data-id=\"944cd82\" data-element_type=\"column\" data-e-type=\"column\">\n\t\t\t<div class=\"elementor-widget-wrap elementor-element-populated\">\n\t\t\t\t\t\t<div class=\"elementor-element elementor-element-a74c87a elementor-widget elementor-widget-heading\" data-id=\"a74c87a\" data-element_type=\"widget\" data-e-type=\"widget\" data-widget_type=\"heading.default\">\n\t\t\t\t<div class=\"elementor-widget-container\">\n\t\t\t\t\t<h2 class=\"elementor-heading-title elementor-size-default\">Pour prot\u00e9ger vos bo\u00eetiers sous garantie.<\/h2>\t\t\t\t<\/div>\n\t\t\t\t<\/div>\n\t\t\t\t\t<\/div>\n\t\t<\/div>\n\t\t\t\t\t<\/div>\n\t\t<\/section>\n\t\t\t\t<section class=\"elementor-section elementor-top-section elementor-element elementor-element-4aa7f99 elementor-section-boxed elementor-section-height-default elementor-section-height-default\" data-id=\"4aa7f99\" data-element_type=\"section\" data-e-type=\"section\">\n\t\t\t\t\t\t<div class=\"elementor-container elementor-column-gap-default\">\n\t\t\t\t\t<div class=\"elementor-column elementor-col-50 elementor-top-column elementor-element elementor-element-c56b101\" data-id=\"c56b101\" data-element_type=\"column\" data-e-type=\"column\">\n\t\t\t<div class=\"elementor-widget-wrap elementor-element-populated\">\n\t\t\t\t\t\t<div class=\"elementor-element elementor-element-1c2645a elementor-widget elementor-widget-image\" data-id=\"1c2645a\" data-element_type=\"widget\" data-e-type=\"widget\" data-widget_type=\"image.default\">\n\t\t\t\t<div class=\"elementor-widget-container\">\n\t\t\t\t\t\t\t\t\t\t\t\t\t\t\t<img data-opt-id=402448789  fetchpriority=\"high\" decoding=\"async\" width=\"300\" height=\"99\" src=\"https:\/\/ml1ap7ge16lj.i.optimole.com\/cb:crSG~56220\/w:300\/h:99\/q:mauto\/f:best\/https:\/\/alsaprint.fr\/imprimerie\/wp-content\/uploads\/2020\/04\/sticker-ultra-dechirable-1.png\" class=\"attachment-large size-large wp-image-748\" alt=\"\" \/>\t\t\t\t\t\t\t\t\t\t\t\t\t\t\t<\/div>\n\t\t\t\t<\/div>\n\t\t\t\t<div class=\"elementor-element elementor-element-d5dc47e elementor-widget elementor-widget-image\" data-id=\"d5dc47e\" data-element_type=\"widget\" data-e-type=\"widget\" data-widget_type=\"image.default\">\n\t\t\t\t<div class=\"elementor-widget-container\">\n\t\t\t\t\t\t\t\t\t\t\t\t\t\t\t<img data-opt-id=954538729  fetchpriority=\"high\" decoding=\"async\" width=\"300\" height=\"99\" src=\"https:\/\/ml1ap7ge16lj.i.optimole.com\/cb:crSG~56220\/w:300\/h:99\/q:mauto\/f:best\/https:\/\/alsaprint.fr\/imprimerie\/wp-content\/uploads\/2020\/04\/sticker-ultra-dechirable-3.png\" class=\"attachment-large size-large wp-image-754\" alt=\"\" \/>\t\t\t\t\t\t\t\t\t\t\t\t\t\t\t<\/div>\n\t\t\t\t<\/div>\n\t\t\t\t\t<\/div>\n\t\t<\/div>\n\t\t\t\t<div class=\"elementor-column elementor-col-50 elementor-top-column elementor-element elementor-element-457cbb9\" data-id=\"457cbb9\" data-element_type=\"column\" data-e-type=\"column\">\n\t\t\t<div class=\"elementor-widget-wrap elementor-element-populated\">\n\t\t\t\t\t\t<div class=\"elementor-element elementor-element-94970b1 elementor-widget elementor-widget-image\" data-id=\"94970b1\" data-element_type=\"widget\" data-e-type=\"widget\" data-widget_type=\"image.default\">\n\t\t\t\t<div class=\"elementor-widget-container\">\n\t\t\t\t\t\t\t\t\t\t\t\t\t\t\t<img data-opt-id=2016467492  fetchpriority=\"high\" decoding=\"async\" width=\"300\" height=\"99\" src=\"https:\/\/ml1ap7ge16lj.i.optimole.com\/cb:crSG~56220\/w:300\/h:99\/q:mauto\/f:best\/https:\/\/alsaprint.fr\/imprimerie\/wp-content\/uploads\/2020\/04\/sticker-ultra-dechirable-2.png\" class=\"attachment-large size-large wp-image-755\" alt=\"\" \/>\t\t\t\t\t\t\t\t\t\t\t\t\t\t\t<\/div>\n\t\t\t\t<\/div>\n\t\t\t\t<div class=\"elementor-element elementor-element-5c49f19 elementor-widget elementor-widget-image\" data-id=\"5c49f19\" data-element_type=\"widget\" data-e-type=\"widget\" data-widget_type=\"image.default\">\n\t\t\t\t<div class=\"elementor-widget-container\">\n\t\t\t\t\t\t\t\t\t\t\t\t\t\t\t<img data-opt-id=1752688628  loading=\"lazy\" decoding=\"async\" width=\"300\" height=\"99\" src=\"https:\/\/ml1ap7ge16lj.i.optimole.com\/cb:crSG~56220\/w:300\/h:99\/q:mauto\/f:best\/https:\/\/alsaprint.fr\/imprimerie\/wp-content\/uploads\/2020\/04\/sticker-ultra-dechirable-4.png\" class=\"attachment-large size-large wp-image-753\" alt=\"\" \/>\t\t\t\t\t\t\t\t\t\t\t\t\t\t\t<\/div>\n\t\t\t\t<\/div>\n\t\t\t\t\t<\/div>\n\t\t<\/div>\n\t\t\t\t\t<\/div>\n\t\t<\/section>\n\t\t\t\t<section class=\"elementor-section elementor-top-section elementor-element elementor-element-8fc3d39 elementor-section-boxed elementor-section-height-default elementor-section-height-default\" data-id=\"8fc3d39\" data-element_type=\"section\" data-e-type=\"section\">\n\t\t\t\t\t\t<div class=\"elementor-container elementor-column-gap-default\">\n\t\t\t\t\t<div class=\"elementor-column elementor-col-100 elementor-top-column elementor-element elementor-element-522ca19\" data-id=\"522ca19\" data-element_type=\"column\" data-e-type=\"column\">\n\t\t\t<div class=\"elementor-widget-wrap elementor-element-populated\">\n\t\t\t\t\t\t<div class=\"elementor-element elementor-element-cfcc422 elementor-widget elementor-widget-heading\" data-id=\"cfcc422\" data-element_type=\"widget\" data-e-type=\"widget\" data-widget_type=\"heading.default\">\n\t\t\t\t<div class=\"elementor-widget-container\">\n\t\t\t\t\t<h2 class=\"elementor-heading-title elementor-size-default\">Se d\u00e9chire en petits morceaux si on essaye de l'enlever.<\/h2>\t\t\t\t<\/div>\n\t\t\t\t<\/div>\n\t\t\t\t\t<\/div>\n\t\t<\/div>\n\t\t\t\t\t<\/div>\n\t\t<\/section>\n\t\t\t\t<section class=\"elementor-section elementor-top-section elementor-element elementor-element-9a2056c elementor-section-boxed elementor-section-height-default elementor-section-height-default\" data-id=\"9a2056c\" data-element_type=\"section\" data-e-type=\"section\">\n\t\t\t\t\t\t<div class=\"elementor-container elementor-column-gap-default\">\n\t\t\t\t\t<div class=\"elementor-column elementor-col-100 elementor-top-column elementor-element elementor-element-a02cbdd\" data-id=\"a02cbdd\" data-element_type=\"column\" data-e-type=\"column\">\n\t\t\t<div class=\"elementor-widget-wrap elementor-element-populated\">\n\t\t\t\t\t\t<section class=\"elementor-section elementor-inner-section elementor-element elementor-element-e54af9b elementor-section-boxed elementor-section-height-default elementor-section-height-default\" data-id=\"e54af9b\" data-element_type=\"section\" data-e-type=\"section\">\n\t\t\t\t\t\t<div class=\"elementor-container elementor-column-gap-default\">\n\t\t\t\t\t<div class=\"elementor-column elementor-col-33 elementor-inner-column elementor-element elementor-element-57f2682\" data-id=\"57f2682\" data-element_type=\"column\" data-e-type=\"column\">\n\t\t\t<div class=\"elementor-widget-wrap elementor-element-populated\">\n\t\t\t\t\t\t<div class=\"elementor-element elementor-element-65e64ec elementor-widget elementor-widget-image\" data-id=\"65e64ec\" data-element_type=\"widget\" data-e-type=\"widget\" data-widget_type=\"image.default\">\n\t\t\t\t<div class=\"elementor-widget-container\">\n\t\t\t\t\t\t\t\t\t\t\t\t\t\t\t<img data-opt-id=937580509  loading=\"lazy\" decoding=\"async\" width=\"205\" height=\"165\" src=\"https:\/\/ml1ap7ge16lj.i.optimole.com\/cb:crSG~56220\/w:205\/h:165\/q:mauto\/f:best\/https:\/\/alsaprint.fr\/imprimerie\/wp-content\/uploads\/2020\/04\/sticker-ultra-destructible.gif\" class=\"attachment-large size-large wp-image-752\" alt=\"\" \/>\t\t\t\t\t\t\t\t\t\t\t\t\t\t\t<\/div>\n\t\t\t\t<\/div>\n\t\t\t\t\t<\/div>\n\t\t<\/div>\n\t\t\t\t<div class=\"elementor-column elementor-col-33 elementor-inner-column elementor-element elementor-element-bb92c0a\" data-id=\"bb92c0a\" data-element_type=\"column\" data-e-type=\"column\">\n\t\t\t<div class=\"elementor-widget-wrap elementor-element-populated\">\n\t\t\t\t\t\t<div class=\"elementor-element elementor-element-1889e98 elementor-widget elementor-widget-image\" data-id=\"1889e98\" data-element_type=\"widget\" data-e-type=\"widget\" data-widget_type=\"image.default\">\n\t\t\t\t<div class=\"elementor-widget-container\">\n\t\t\t\t\t\t\t\t\t\t\t\t\t\t\t<img data-opt-id=344200311  loading=\"lazy\" decoding=\"async\" width=\"275\" height=\"275\" src=\"https:\/\/ml1ap7ge16lj.i.optimole.com\/cb:crSG~56220\/w:275\/h:275\/q:mauto\/f:best\/https:\/\/alsaprint.fr\/imprimerie\/wp-content\/uploads\/2020\/04\/sticker-ultra-dechirable.jpg\" class=\"attachment-large size-large wp-image-751\" alt=\"\" srcset=\"https:\/\/ml1ap7ge16lj.i.optimole.com\/cb:crSG~56220\/w:275\/h:275\/q:mauto\/f:best\/https:\/\/alsaprint.fr\/imprimerie\/wp-content\/uploads\/2020\/04\/sticker-ultra-dechirable.jpg 275w, https:\/\/ml1ap7ge16lj.i.optimole.com\/cb:crSG~56220\/w:150\/h:150\/q:mauto\/f:best\/https:\/\/alsaprint.fr\/imprimerie\/wp-content\/uploads\/2020\/04\/sticker-ultra-dechirable.jpg 150w\" sizes=\"(max-width: 275px) 100vw, 275px\" \/>\t\t\t\t\t\t\t\t\t\t\t\t\t\t\t<\/div>\n\t\t\t\t<\/div>\n\t\t\t\t\t<\/div>\n\t\t<\/div>\n\t\t\t\t<div class=\"elementor-column elementor-col-33 elementor-inner-column elementor-element elementor-element-b934301\" data-id=\"b934301\" data-element_type=\"column\" data-e-type=\"column\">\n\t\t\t<div class=\"elementor-widget-wrap elementor-element-populated\">\n\t\t\t\t\t\t<div class=\"elementor-element elementor-element-ac7c2fa elementor-widget elementor-widget-image\" data-id=\"ac7c2fa\" data-element_type=\"widget\" data-e-type=\"widget\" data-widget_type=\"image.default\">\n\t\t\t\t<div class=\"elementor-widget-container\">\n\t\t\t\t\t\t\t\t\t\t\t\t\t\t\t<img data-opt-id=1728347231  loading=\"lazy\" decoding=\"async\" width=\"206\" height=\"136\" src=\"https:\/\/ml1ap7ge16lj.i.optimole.com\/cb:crSG~56220\/w:206\/h:136\/q:mauto\/f:best\/https:\/\/alsaprint.fr\/imprimerie\/wp-content\/uploads\/2020\/04\/ultra-dechirable-1.jpg\" class=\"attachment-large size-large wp-image-750\" alt=\"\" \/>\t\t\t\t\t\t\t\t\t\t\t\t\t\t\t<\/div>\n\t\t\t\t<\/div>\n\t\t\t\t\t<\/div>\n\t\t<\/div>\n\t\t\t\t\t<\/div>\n\t\t<\/section>\n\t\t\t\t\t<\/div>\n\t\t<\/div>\n\t\t\t\t\t<\/div>\n\t\t<\/section>\n\t\t\t\t<\/div>\n\t\t","protected":false},"excerpt":{"rendered":"<p>Pour prot\u00e9ger vos bo\u00eetiers sous garantie. Se d\u00e9chire en petits morceaux si on essaye de l&rsquo;enlever.<\/p>\n","protected":false},"author":1,"featured_media":0,"parent":0,"menu_order":0,"comment_status":"closed","ping_status":"closed","template":"","meta":{"_acf_changed":false,"footnotes":""},"class_list":["post-746","page","type-page","status-publish","hentry"],"acf":[],"yoast_head":"<!-- This site is optimized with the Yoast SEO plugin v27.5 - https:\/\/yoast.com\/product\/yoast-seo-wordpress\/ -->\n<title>Adh\u00e9sifs ultra-d\u00e9chirables - ALSAPRINT Imprimerie \u00e0 Mulhouse - Kingersheim<\/title>\n<meta name=\"robots\" content=\"noindex, follow\" \/>\n<meta property=\"og:locale\" content=\"fr_FR\" \/>\n<meta property=\"og:type\" content=\"article\" \/>\n<meta property=\"og:title\" content=\"Adh\u00e9sifs ultra-d\u00e9chirables - ALSAPRINT Imprimerie \u00e0 Mulhouse - Kingersheim\" \/>\n<meta property=\"og:description\" content=\"Pour prot\u00e9ger vos bo\u00eetiers sous garantie. Se d\u00e9chire en petits morceaux si on essaye de l&rsquo;enlever.\" \/>\n<meta property=\"og:url\" content=\"https:\/\/alsaprint.fr\/imprimerie\/adhesifs-ultra-dechirables\/\" \/>\n<meta property=\"og:site_name\" content=\"ALSAPRINT Imprimerie \u00e0 Mulhouse - Kingersheim\" \/>\n<meta property=\"article:publisher\" content=\"https:\/\/www.facebook.com\/alsaprint68\" \/>\n<meta property=\"article:modified_time\" content=\"2020-04-21T10:57:40+00:00\" \/>\n<meta property=\"og:image\" content=\"https:\/\/ml1ap7ge16lj.i.optimole.com\/cb:crSG~56220\/w:auto\/h:auto\/q:mauto\/f:best\/https:\/\/alsaprint.fr\/imprimerie\/wp-content\/uploads\/2020\/04\/sticker-ultra-dechirable-1.png\" \/>\n<meta name=\"twitter:card\" content=\"summary_large_image\" \/>\n<script type=\"application\/ld+json\" class=\"yoast-schema-graph\">{\"@context\":\"https:\\\/\\\/schema.org\",\"@graph\":[{\"@type\":\"WebPage\",\"@id\":\"https:\\\/\\\/alsaprint.fr\\\/imprimerie\\\/adhesifs-ultra-dechirables\\\/\",\"url\":\"https:\\\/\\\/alsaprint.fr\\\/imprimerie\\\/adhesifs-ultra-dechirables\\\/\",\"name\":\"Adh\u00e9sifs ultra-d\u00e9chirables - ALSAPRINT Imprimerie \u00e0 Mulhouse - Kingersheim\",\"isPartOf\":{\"@id\":\"https:\\\/\\\/alsaprint.fr\\\/imprimerie\\\/#website\"},\"primaryImageOfPage\":{\"@id\":\"https:\\\/\\\/alsaprint.fr\\\/imprimerie\\\/adhesifs-ultra-dechirables\\\/#primaryimage\"},\"image\":{\"@id\":\"https:\\\/\\\/alsaprint.fr\\\/imprimerie\\\/adhesifs-ultra-dechirables\\\/#primaryimage\"},\"thumbnailUrl\":\"https:\\/\\/alsaprint.fr\\/imprimerie\\/wp-content\\/uploads\\/2020\\/04\\/sticker-ultra-dechirable-1.png\",\"datePublished\":\"2020-04-21T10:50:12+00:00\",\"dateModified\":\"2020-04-21T10:57:40+00:00\",\"breadcrumb\":{\"@id\":\"https:\\\/\\\/alsaprint.fr\\\/imprimerie\\\/adhesifs-ultra-dechirables\\\/#breadcrumb\"},\"inLanguage\":\"fr-FR\",\"potentialAction\":[{\"@type\":\"ReadAction\",\"target\":[\"https:\\\/\\\/alsaprint.fr\\\/imprimerie\\\/adhesifs-ultra-dechirables\\\/\"]}]},{\"@type\":\"ImageObject\",\"inLanguage\":\"fr-FR\",\"@id\":\"https:\\\/\\\/alsaprint.fr\\\/imprimerie\\\/adhesifs-ultra-dechirables\\\/#primaryimage\",\"url\":\"https:\\/\\/alsaprint.fr\\/imprimerie\\/wp-content\\/uploads\\/2020\\/04\\/sticker-ultra-dechirable-1.png\",\"contentUrl\":\"https:\\/\\/alsaprint.fr\\/imprimerie\\/wp-content\\/uploads\\/2020\\/04\\/sticker-ultra-dechirable-1.png\",\"width\":300,\"height\":99},{\"@type\":\"BreadcrumbList\",\"@id\":\"https:\\\/\\\/alsaprint.fr\\\/imprimerie\\\/adhesifs-ultra-dechirables\\\/#breadcrumb\",\"itemListElement\":[{\"@type\":\"ListItem\",\"position\":1,\"name\":\"Accueil\",\"item\":\"https:\\\/\\\/alsaprint.fr\\\/imprimerie\\\/\"},{\"@type\":\"ListItem\",\"position\":2,\"name\":\"Adh\u00e9sifs ultra-d\u00e9chirables\"}]},{\"@type\":\"WebSite\",\"@id\":\"https:\\\/\\\/alsaprint.fr\\\/imprimerie\\\/#website\",\"url\":\"https:\\\/\\\/alsaprint.fr\\\/imprimerie\\\/\",\"name\":\"ALSAPRINT Imprimerie \u00e0 Kingersheim\",\"description\":\"Impression tout support \u00e0 Mulhouse\",\"publisher\":{\"@id\":\"https:\\\/\\\/alsaprint.fr\\\/imprimerie\\\/#organization\"},\"potentialAction\":[{\"@type\":\"SearchAction\",\"target\":{\"@type\":\"EntryPoint\",\"urlTemplate\":\"https:\\\/\\\/alsaprint.fr\\\/imprimerie\\\/?s={search_term_string}\"},\"query-input\":{\"@type\":\"PropertyValueSpecification\",\"valueRequired\":true,\"valueName\":\"search_term_string\"}}],\"inLanguage\":\"fr-FR\"},{\"@type\":\"Organization\",\"@id\":\"https:\\\/\\\/alsaprint.fr\\\/imprimerie\\\/#organization\",\"name\":\"Alsaprint.fr\",\"url\":\"https:\\\/\\\/alsaprint.fr\\\/imprimerie\\\/\",\"logo\":{\"@type\":\"ImageObject\",\"inLanguage\":\"fr-FR\",\"@id\":\"https:\\\/\\\/alsaprint.fr\\\/imprimerie\\\/#\\\/schema\\\/logo\\\/image\\\/\",\"url\":\"https:\\/\\/ml1ap7ge16lj.i.optimole.com\\/8vL0WF0.crSG~56220\\/w:453\\/h:131\\/q:auto\\/https:\\/\\/alsaprint.fr\\/imprimerie\\/wp-content\\/uploads\\/2020\\/04\\/LOGO-2020-noir.png\",\"contentUrl\":\"https:\\/\\/ml1ap7ge16lj.i.optimole.com\\/8vL0WF0.crSG~56220\\/w:453\\/h:131\\/q:auto\\/https:\\/\\/alsaprint.fr\\/imprimerie\\/wp-content\\/uploads\\/2020\\/04\\/LOGO-2020-noir.png\",\"width\":453,\"height\":131,\"caption\":\"Alsaprint.fr\"},\"image\":{\"@id\":\"https:\\\/\\\/alsaprint.fr\\\/imprimerie\\\/#\\\/schema\\\/logo\\\/image\\\/\"},\"sameAs\":[\"https:\\\/\\\/www.facebook.com\\\/alsaprint68\",\"https:\\\/\\\/www.linkedin.com\\\/company\\\/alsaprint\\\/\"]}]}<\/script>\n<!-- \/ Yoast SEO plugin. -->","yoast_head_json":{"title":"Adh\u00e9sifs ultra-d\u00e9chirables - ALSAPRINT Imprimerie \u00e0 Mulhouse - Kingersheim","robots":{"index":"noindex","follow":"follow"},"og_locale":"fr_FR","og_type":"article","og_title":"Adh\u00e9sifs ultra-d\u00e9chirables - ALSAPRINT Imprimerie \u00e0 Mulhouse - Kingersheim","og_description":"Pour prot\u00e9ger vos bo\u00eetiers sous garantie. Se d\u00e9chire en petits morceaux si on essaye de l&rsquo;enlever.","og_url":"https:\/\/alsaprint.fr\/imprimerie\/adhesifs-ultra-dechirables\/","og_site_name":"ALSAPRINT Imprimerie \u00e0 Mulhouse - Kingersheim","article_publisher":"https:\/\/www.facebook.com\/alsaprint68","article_modified_time":"2020-04-21T10:57:40+00:00","og_image":[{"url":"https:\/\/ml1ap7ge16lj.i.optimole.com\/cb:crSG~56220\/w:auto\/h:auto\/q:mauto\/f:best\/https:\/\/alsaprint.fr\/imprimerie\/wp-content\/uploads\/2020\/04\/sticker-ultra-dechirable-1.png","type":"","width":"","height":""}],"twitter_card":"summary_large_image","schema":{"@context":"https:\/\/schema.org","@graph":[{"@type":"WebPage","@id":"https:\/\/alsaprint.fr\/imprimerie\/adhesifs-ultra-dechirables\/","url":"https:\/\/alsaprint.fr\/imprimerie\/adhesifs-ultra-dechirables\/","name":"Adh\u00e9sifs ultra-d\u00e9chirables - ALSAPRINT Imprimerie \u00e0 Mulhouse - Kingersheim","isPartOf":{"@id":"https:\/\/alsaprint.fr\/imprimerie\/#website"},"primaryImageOfPage":{"@id":"https:\/\/alsaprint.fr\/imprimerie\/adhesifs-ultra-dechirables\/#primaryimage"},"image":{"@id":"https:\/\/alsaprint.fr\/imprimerie\/adhesifs-ultra-dechirables\/#primaryimage"},"thumbnailUrl":"https:\/\/ml1ap7ge16lj.i.optimole.com\/cb:crSG~56220\/w:auto\/h:auto\/q:mauto\/f:best\/https:\/\/alsaprint.fr\/imprimerie\/wp-content\/uploads\/2020\/04\/sticker-ultra-dechirable-1.png","datePublished":"2020-04-21T10:50:12+00:00","dateModified":"2020-04-21T10:57:40+00:00","breadcrumb":{"@id":"https:\/\/alsaprint.fr\/imprimerie\/adhesifs-ultra-dechirables\/#breadcrumb"},"inLanguage":"fr-FR","potentialAction":[{"@type":"ReadAction","target":["https:\/\/alsaprint.fr\/imprimerie\/adhesifs-ultra-dechirables\/"]}]},{"@type":"ImageObject","inLanguage":"fr-FR","@id":"https:\/\/alsaprint.fr\/imprimerie\/adhesifs-ultra-dechirables\/#primaryimage","url":"https:\/\/ml1ap7ge16lj.i.optimole.com\/cb:crSG~56220\/w:auto\/h:auto\/q:mauto\/f:best\/https:\/\/alsaprint.fr\/imprimerie\/wp-content\/uploads\/2020\/04\/sticker-ultra-dechirable-1.png","contentUrl":"https:\/\/ml1ap7ge16lj.i.optimole.com\/cb:crSG~56220\/w:auto\/h:auto\/q:mauto\/f:best\/https:\/\/alsaprint.fr\/imprimerie\/wp-content\/uploads\/2020\/04\/sticker-ultra-dechirable-1.png","width":300,"height":99},{"@type":"BreadcrumbList","@id":"https:\/\/alsaprint.fr\/imprimerie\/adhesifs-ultra-dechirables\/#breadcrumb","itemListElement":[{"@type":"ListItem","position":1,"name":"Accueil","item":"https:\/\/alsaprint.fr\/imprimerie\/"},{"@type":"ListItem","position":2,"name":"Adh\u00e9sifs ultra-d\u00e9chirables"}]},{"@type":"WebSite","@id":"https:\/\/alsaprint.fr\/imprimerie\/#website","url":"https:\/\/alsaprint.fr\/imprimerie\/","name":"ALSAPRINT Imprimerie \u00e0 Kingersheim","description":"Impression tout support \u00e0 Mulhouse","publisher":{"@id":"https:\/\/alsaprint.fr\/imprimerie\/#organization"},"potentialAction":[{"@type":"SearchAction","target":{"@type":"EntryPoint","urlTemplate":"https:\/\/alsaprint.fr\/imprimerie\/?s={search_term_string}"},"query-input":{"@type":"PropertyValueSpecification","valueRequired":true,"valueName":"search_term_string"}}],"inLanguage":"fr-FR"},{"@type":"Organization","@id":"https:\/\/alsaprint.fr\/imprimerie\/#organization","name":"Alsaprint.fr","url":"https:\/\/alsaprint.fr\/imprimerie\/","logo":{"@type":"ImageObject","inLanguage":"fr-FR","@id":"https:\/\/alsaprint.fr\/imprimerie\/#\/schema\/logo\/image\/","url":"https:\/\/ml1ap7ge16lj.i.optimole.com\/8vL0WF0.crSG~56220\/w:453\/h:131\/q:auto\/https:\/\/alsaprint.fr\/imprimerie\/wp-content\/uploads\/2020\/04\/LOGO-2020-noir.png","contentUrl":"https:\/\/ml1ap7ge16lj.i.optimole.com\/8vL0WF0.crSG~56220\/w:453\/h:131\/q:auto\/https:\/\/alsaprint.fr\/imprimerie\/wp-content\/uploads\/2020\/04\/LOGO-2020-noir.png","width":453,"height":131,"caption":"Alsaprint.fr"},"image":{"@id":"https:\/\/alsaprint.fr\/imprimerie\/#\/schema\/logo\/image\/"},"sameAs":["https:\/\/www.facebook.com\/alsaprint68","https:\/\/www.linkedin.com\/company\/alsaprint\/"]}]}},"_links":{"self":[{"href":"https:\/\/alsaprint.fr\/imprimerie\/wp-json\/wp\/v2\/pages\/746","targetHints":{"allow":["GET"]}}],"collection":[{"href":"https:\/\/alsaprint.fr\/imprimerie\/wp-json\/wp\/v2\/pages"}],"about":[{"href":"https:\/\/alsaprint.fr\/imprimerie\/wp-json\/wp\/v2\/types\/page"}],"author":[{"embeddable":true,"href":"https:\/\/alsaprint.fr\/imprimerie\/wp-json\/wp\/v2\/users\/1"}],"replies":[{"embeddable":true,"href":"https:\/\/alsaprint.fr\/imprimerie\/wp-json\/wp\/v2\/comments?post=746"}],"version-history":[{"count":2,"href":"https:\/\/alsaprint.fr\/imprimerie\/wp-json\/wp\/v2\/pages\/746\/revisions"}],"predecessor-version":[{"id":759,"href":"https:\/\/alsaprint.fr\/imprimerie\/wp-json\/wp\/v2\/pages\/746\/revisions\/759"}],"wp:attachment":[{"href":"https:\/\/alsaprint.fr\/imprimerie\/wp-json\/wp\/v2\/media?parent=746"}],"curies":[{"name":"wp","href":"https:\/\/api.w.org\/{rel}","templated":true}]}}