{"id":522,"date":"2020-04-07T15:07:06","date_gmt":"2020-04-07T13:07:06","guid":{"rendered":"https:\/\/alsaprint.fr\/imprimerie\/?page_id=522"},"modified":"2023-04-28T11:39:34","modified_gmt":"2023-04-28T09:39:34","slug":"drapeaux-2","status":"publish","type":"page","link":"https:\/\/alsaprint.fr\/imprimerie\/drapeaux-2\/","title":{"rendered":"Drapeaux &#8211; Beachflags"},"content":{"rendered":"\t\t<div data-elementor-type=\"wp-page\" data-elementor-id=\"522\" class=\"elementor elementor-522\">\n\t\t\t\t\t\t<section class=\"elementor-section elementor-top-section elementor-element elementor-element-9f34826 elementor-section-boxed elementor-section-height-default elementor-section-height-default\" data-id=\"9f34826\" data-element_type=\"section\" data-e-type=\"section\">\n\t\t\t\t\t\t<div class=\"elementor-container elementor-column-gap-default\">\n\t\t\t\t\t<div class=\"elementor-column elementor-col-100 elementor-top-column elementor-element elementor-element-37d2e53\" data-id=\"37d2e53\" data-element_type=\"column\" data-e-type=\"column\">\n\t\t\t<div class=\"elementor-widget-wrap elementor-element-populated\">\n\t\t\t\t\t\t<div class=\"elementor-element elementor-element-d3bb4af elementor-widget elementor-widget-image\" data-id=\"d3bb4af\" data-element_type=\"widget\" data-e-type=\"widget\" data-widget_type=\"image.default\">\n\t\t\t\t<div class=\"elementor-widget-container\">\n\t\t\t\t\t\t\t\t\t\t\t\t\t\t\t<img data-opt-id=326221883  fetchpriority=\"high\" decoding=\"async\" width=\"605\" height=\"817\" src=\"https:\/\/ml1ap7ge16lj.i.optimole.com\/cb:crSG~56220\/w:605\/h:817\/q:mauto\/f:best\/https:\/\/alsaprint.fr\/imprimerie\/wp-content\/uploads\/2023\/04\/8-page-6-beachflag.jpg\" class=\"attachment-large size-large wp-image-1452\" alt=\"BEACHFLAGS DRAPEAUX IMPRIMERIE MULHOUSE\" srcset=\"https:\/\/ml1ap7ge16lj.i.optimole.com\/cb:crSG~56220\/w:605\/h:817\/q:mauto\/f:best\/https:\/\/alsaprint.fr\/imprimerie\/wp-content\/uploads\/2023\/04\/8-page-6-beachflag.jpg 605w, https:\/\/ml1ap7ge16lj.i.optimole.com\/cb:crSG~56220\/w:222\/h:300\/q:mauto\/f:best\/https:\/\/alsaprint.fr\/imprimerie\/wp-content\/uploads\/2023\/04\/8-page-6-beachflag.jpg 222w\" sizes=\"(max-width: 605px) 100vw, 605px\" \/>\t\t\t\t\t\t\t\t\t\t\t\t\t\t\t<\/div>\n\t\t\t\t<\/div>\n\t\t\t\t\t<\/div>\n\t\t<\/div>\n\t\t\t\t\t<\/div>\n\t\t<\/section>\n\t\t\t\t<section class=\"elementor-section elementor-top-section elementor-element elementor-element-3b4123d elementor-section-boxed elementor-section-height-default elementor-section-height-default\" data-id=\"3b4123d\" data-element_type=\"section\" data-e-type=\"section\">\n\t\t\t\t\t\t<div class=\"elementor-container elementor-column-gap-default\">\n\t\t\t\t\t<div class=\"elementor-column elementor-col-50 elementor-top-column elementor-element elementor-element-0878049\" data-id=\"0878049\" data-element_type=\"column\" data-e-type=\"column\">\n\t\t\t<div class=\"elementor-widget-wrap elementor-element-populated\">\n\t\t\t\t\t\t<div class=\"elementor-element elementor-element-77e1128 elementor-widget elementor-widget-image\" data-id=\"77e1128\" data-element_type=\"widget\" data-e-type=\"widget\" data-widget_type=\"image.default\">\n\t\t\t\t<div class=\"elementor-widget-container\">\n\t\t\t\t\t\t\t\t\t\t\t\t\t\t\t<img data-opt-id=1648419258  fetchpriority=\"high\" decoding=\"async\" width=\"400\" height=\"710\" src=\"https:\/\/ml1ap7ge16lj.i.optimole.com\/cb:crSG~56220\/w:400\/h:710\/q:mauto\/f:best\/https:\/\/alsaprint.fr\/imprimerie\/wp-content\/uploads\/2020\/04\/drapeau-gazon-net-web.jpg\" class=\"attachment-large size-large wp-image-525\" alt=\"alsaprint-beachflags\" srcset=\"https:\/\/ml1ap7ge16lj.i.optimole.com\/cb:crSG~56220\/w:400\/h:710\/q:mauto\/f:best\/https:\/\/alsaprint.fr\/imprimerie\/wp-content\/uploads\/2020\/04\/drapeau-gazon-net-web.jpg 400w, https:\/\/ml1ap7ge16lj.i.optimole.com\/cb:crSG~56220\/w:169\/h:300\/q:mauto\/f:best\/https:\/\/alsaprint.fr\/imprimerie\/wp-content\/uploads\/2020\/04\/drapeau-gazon-net-web.jpg 169w\" sizes=\"(max-width: 400px) 100vw, 400px\" \/>\t\t\t\t\t\t\t\t\t\t\t\t\t\t\t<\/div>\n\t\t\t\t<\/div>\n\t\t\t\t\t<\/div>\n\t\t<\/div>\n\t\t\t\t<div class=\"elementor-column elementor-col-50 elementor-top-column elementor-element elementor-element-65b6fe3\" data-id=\"65b6fe3\" data-element_type=\"column\" data-e-type=\"column\">\n\t\t\t<div class=\"elementor-widget-wrap elementor-element-populated\">\n\t\t\t\t\t\t<div class=\"elementor-element elementor-element-0d4a623 elementor-widget elementor-widget-image\" data-id=\"0d4a623\" data-element_type=\"widget\" data-e-type=\"widget\" data-widget_type=\"image.default\">\n\t\t\t\t<div class=\"elementor-widget-container\">\n\t\t\t\t\t\t\t\t\t\t\t\t\t\t\t<img data-opt-id=2074450469  fetchpriority=\"high\" decoding=\"async\" width=\"400\" height=\"482\" src=\"https:\/\/ml1ap7ge16lj.i.optimole.com\/cb:crSG~56220\/w:400\/h:482\/q:mauto\/f:best\/https:\/\/alsaprint.fr\/imprimerie\/wp-content\/uploads\/2020\/04\/fligitter-drapeau-web.jpg\" class=\"attachment-large size-large wp-image-526\" alt=\"alsaprint-impression-t-shirt\" srcset=\"https:\/\/ml1ap7ge16lj.i.optimole.com\/cb:crSG~56220\/w:400\/h:482\/q:mauto\/f:best\/https:\/\/alsaprint.fr\/imprimerie\/wp-content\/uploads\/2020\/04\/fligitter-drapeau-web.jpg 400w, https:\/\/ml1ap7ge16lj.i.optimole.com\/cb:crSG~56220\/w:249\/h:300\/q:mauto\/f:best\/https:\/\/alsaprint.fr\/imprimerie\/wp-content\/uploads\/2020\/04\/fligitter-drapeau-web.jpg 249w\" sizes=\"(max-width: 400px) 100vw, 400px\" \/>\t\t\t\t\t\t\t\t\t\t\t\t\t\t\t<\/div>\n\t\t\t\t<\/div>\n\t\t\t\t\t<\/div>\n\t\t<\/div>\n\t\t\t\t\t<\/div>\n\t\t<\/section>\n\t\t\t\t<section class=\"elementor-section elementor-top-section elementor-element elementor-element-e77ba34 elementor-section-boxed elementor-section-height-default elementor-section-height-default\" data-id=\"e77ba34\" data-element_type=\"section\" data-e-type=\"section\">\n\t\t\t\t\t\t<div class=\"elementor-container elementor-column-gap-default\">\n\t\t\t\t\t<div class=\"elementor-column elementor-col-100 elementor-top-column elementor-element elementor-element-b7b785a\" data-id=\"b7b785a\" data-element_type=\"column\" data-e-type=\"column\">\n\t\t\t<div class=\"elementor-widget-wrap elementor-element-populated\">\n\t\t\t\t\t\t<div class=\"elementor-element elementor-element-432e7c2 elementor-widget elementor-widget-text-editor\" data-id=\"432e7c2\" data-element_type=\"widget\" data-e-type=\"widget\" data-widget_type=\"text-editor.default\">\n\t\t\t\t<div class=\"elementor-widget-container\">\n\t\t\t\t\t\t\t\t\t<p><strong>Drapeau :<\/strong><br \/>Le drapeau classique est un rectangle de tissu le plus souvent en maille polyester imprim\u00e9 aux couleurs d&rsquo;un\u00a0groupe d&rsquo;individus (pays &#8211; club de sport &#8211; association &#8211; soci\u00e9t\u00e9 &#8211; entreprise &#8211; enseigne de magasin &#8230;).<br \/>Le drapeau ou pavillon publicitaire existe en diff\u00e9rents mod\u00e8les pour s&rsquo;adapter \u00e0 vos besoins.<br \/>Il est attach\u00e9 \u00e0 un mat appel\u00e9 hampe ou fix\u00e9 sur pied. Il est tenu \u00e0 la main ou suspendu pour \u00eatre vu de loin.<br \/>Le drapeau est imprim\u00e9 sur un support en maille polyester.<\/p><p>Il assure un impact visuel efficace en int\u00e9rieur comme en ext\u00e9rieur. C\u2019est un support\u00a0de communication publicitaire innovant.<\/p><p><br \/><strong>Le drapeau publicitaire<\/strong>\u00a0est un outil \u00e9v\u00e9nementiel attractif pour un commerce ou une entreprise afin de<br \/>promouvoir sa notori\u00e9t\u00e9 ou une marque. C\u2019est un support visuel promotionnel ou signal\u00e9tique efficace dans<br \/>les domaines de l&rsquo;affichage urbain ou pour votre PLV, il permet de diffuser une image publicitaire<br \/>dynamique.<\/p><p><br \/><strong>Avantages du drapeau publicitaire<\/strong><br \/>Le drapeau publicitaire est id\u00e9al pour la signal\u00e9tique int\u00e9rieure et ext\u00e9rieure afin de repr\u00e9senter votre<br \/>entreprise, une op\u00e9ration commerciale ou tous types d&rsquo;\u00e9v\u00e9nements. Il offre notamment :<br \/>\u00b7 une large surface d&rsquo;affichage color\u00e9e et en mouvement<br \/>\u00b7 une facilit\u00e9 d&rsquo;adaptation, puisqu&rsquo;il est manipulable et l\u00e9ger<br \/>\u00b7 une bonne r\u00e9sistance aux intemp\u00e9ries<br \/>\u00b7 un faible co\u00fbt<br \/>\u00b7 un impact visuel imm\u00e9diat<\/p><p><br \/>Faites-vous remarquer dans la rue gr\u00e2ce aux drapeaux. Ils sont flexibles, l\u00e9gers, faciles \u00e0\u00a0assembler et se remarquent bien, o\u00f9 que vous les placiez.<br \/>C\u2019est une solution id\u00e9ale pour lister vos services ou produits et vous faire remarquer des passants.<\/p><p>Nos\u00a0drapeaux sont parfaits pour une utilisation int\u00e9rieure comme ext\u00e9rieure.<br \/>Pensez \u00e0 prendre un pied adapt\u00e9 au type de sol sur lequel vous installerez votre produit.<\/p><p>Qu&rsquo;il s&rsquo;agisse de\u00a0sable, de goudron, de terre, nous avons ce qu&rsquo;il vous faut.<br \/>Choisissez la forme la plus adapt\u00e9e \u00e0 votre communication !<\/p><p><br \/>Descriptif technique du drapeau publicitaire :<br \/>\u00b7 Structure en aluminium anodis\u00e9<br \/>\u00b7 Toile souple<br \/>\u00b7 Montage rapide et sans outil<\/p>\t\t\t\t\t\t\t\t<\/div>\n\t\t\t\t<\/div>\n\t\t\t\t\t<\/div>\n\t\t<\/div>\n\t\t\t\t\t<\/div>\n\t\t<\/section>\n\t\t\t\t<\/div>\n\t\t","protected":false},"excerpt":{"rendered":"<p>Drapeau :Le drapeau classique est un rectangle de tissu le plus souvent en maille polyester imprim\u00e9 aux couleurs d&rsquo;un\u00a0groupe d&rsquo;individus [&hellip;]<\/p>\n","protected":false},"author":1,"featured_media":0,"parent":0,"menu_order":0,"comment_status":"closed","ping_status":"closed","template":"","meta":{"_acf_changed":false,"footnotes":""},"class_list":["post-522","page","type-page","status-publish","hentry"],"acf":[],"yoast_head":"<!-- This site is optimized with the Yoast SEO plugin v27.4 - https:\/\/yoast.com\/product\/yoast-seo-wordpress\/ -->\n<title>Drapeaux - Beachflags - ALSAPRINT Imprimerie \u00e0 Mulhouse - Kingersheim<\/title>\n<meta name=\"robots\" content=\"noindex, follow\" \/>\n<meta property=\"og:locale\" content=\"fr_FR\" \/>\n<meta property=\"og:type\" content=\"article\" \/>\n<meta property=\"og:title\" content=\"Drapeaux - Beachflags - ALSAPRINT Imprimerie \u00e0 Mulhouse - Kingersheim\" \/>\n<meta property=\"og:description\" content=\"Drapeau :Le drapeau classique est un rectangle de tissu le plus souvent en maille polyester imprim\u00e9 aux couleurs d&rsquo;un\u00a0groupe d&rsquo;individus [&hellip;]\" \/>\n<meta property=\"og:url\" content=\"https:\/\/alsaprint.fr\/imprimerie\/drapeaux-2\/\" \/>\n<meta property=\"og:site_name\" content=\"ALSAPRINT Imprimerie \u00e0 Mulhouse - Kingersheim\" \/>\n<meta property=\"article:publisher\" content=\"https:\/\/www.facebook.com\/alsaprint68\" \/>\n<meta property=\"article:modified_time\" content=\"2023-04-28T09:39:34+00:00\" \/>\n<meta property=\"og:image\" content=\"https:\/\/ml1ap7ge16lj.i.optimole.com\/cb:crSG~56220\/w:auto\/h:auto\/q:mauto\/f:best\/https:\/\/alsaprint.fr\/imprimerie\/wp-content\/uploads\/2023\/04\/8-page-6-beachflag.jpg\" \/>\n<meta name=\"twitter:card\" content=\"summary_large_image\" \/>\n<meta name=\"twitter:label1\" content=\"Dur\u00e9e de lecture estim\u00e9e\" \/>\n\t<meta name=\"twitter:data1\" content=\"3 minutes\" \/>\n<script type=\"application\/ld+json\" class=\"yoast-schema-graph\">{\"@context\":\"https:\\\/\\\/schema.org\",\"@graph\":[{\"@type\":\"WebPage\",\"@id\":\"https:\\\/\\\/alsaprint.fr\\\/imprimerie\\\/drapeaux-2\\\/\",\"url\":\"https:\\\/\\\/alsaprint.fr\\\/imprimerie\\\/drapeaux-2\\\/\",\"name\":\"Drapeaux - Beachflags - ALSAPRINT Imprimerie \u00e0 Mulhouse - Kingersheim\",\"isPartOf\":{\"@id\":\"https:\\\/\\\/alsaprint.fr\\\/imprimerie\\\/#website\"},\"primaryImageOfPage\":{\"@id\":\"https:\\\/\\\/alsaprint.fr\\\/imprimerie\\\/drapeaux-2\\\/#primaryimage\"},\"image\":{\"@id\":\"https:\\\/\\\/alsaprint.fr\\\/imprimerie\\\/drapeaux-2\\\/#primaryimage\"},\"thumbnailUrl\":\"https:\\/\\/alsaprint.fr\\/imprimerie\\/wp-content\\/uploads\\/2023\\/04\\/8-page-6-beachflag.jpg\",\"datePublished\":\"2020-04-07T13:07:06+00:00\",\"dateModified\":\"2023-04-28T09:39:34+00:00\",\"breadcrumb\":{\"@id\":\"https:\\\/\\\/alsaprint.fr\\\/imprimerie\\\/drapeaux-2\\\/#breadcrumb\"},\"inLanguage\":\"fr-FR\",\"potentialAction\":[{\"@type\":\"ReadAction\",\"target\":[\"https:\\\/\\\/alsaprint.fr\\\/imprimerie\\\/drapeaux-2\\\/\"]}]},{\"@type\":\"ImageObject\",\"inLanguage\":\"fr-FR\",\"@id\":\"https:\\\/\\\/alsaprint.fr\\\/imprimerie\\\/drapeaux-2\\\/#primaryimage\",\"url\":\"https:\\/\\/alsaprint.fr\\/imprimerie\\/wp-content\\/uploads\\/2023\\/04\\/8-page-6-beachflag.jpg\",\"contentUrl\":\"https:\\/\\/alsaprint.fr\\/imprimerie\\/wp-content\\/uploads\\/2023\\/04\\/8-page-6-beachflag.jpg\",\"width\":605,\"height\":817,\"caption\":\"BEACHFLAGS DRAPEAUX IMPRIMERIE MULHOUSE\"},{\"@type\":\"BreadcrumbList\",\"@id\":\"https:\\\/\\\/alsaprint.fr\\\/imprimerie\\\/drapeaux-2\\\/#breadcrumb\",\"itemListElement\":[{\"@type\":\"ListItem\",\"position\":1,\"name\":\"Accueil\",\"item\":\"https:\\\/\\\/alsaprint.fr\\\/imprimerie\\\/\"},{\"@type\":\"ListItem\",\"position\":2,\"name\":\"Drapeaux &#8211; Beachflags\"}]},{\"@type\":\"WebSite\",\"@id\":\"https:\\\/\\\/alsaprint.fr\\\/imprimerie\\\/#website\",\"url\":\"https:\\\/\\\/alsaprint.fr\\\/imprimerie\\\/\",\"name\":\"ALSAPRINT Imprimerie \u00e0 Kingersheim\",\"description\":\"Impression tout support \u00e0 Mulhouse\",\"publisher\":{\"@id\":\"https:\\\/\\\/alsaprint.fr\\\/imprimerie\\\/#organization\"},\"potentialAction\":[{\"@type\":\"SearchAction\",\"target\":{\"@type\":\"EntryPoint\",\"urlTemplate\":\"https:\\\/\\\/alsaprint.fr\\\/imprimerie\\\/?s={search_term_string}\"},\"query-input\":{\"@type\":\"PropertyValueSpecification\",\"valueRequired\":true,\"valueName\":\"search_term_string\"}}],\"inLanguage\":\"fr-FR\"},{\"@type\":\"Organization\",\"@id\":\"https:\\\/\\\/alsaprint.fr\\\/imprimerie\\\/#organization\",\"name\":\"Alsaprint.fr\",\"url\":\"https:\\\/\\\/alsaprint.fr\\\/imprimerie\\\/\",\"logo\":{\"@type\":\"ImageObject\",\"inLanguage\":\"fr-FR\",\"@id\":\"https:\\\/\\\/alsaprint.fr\\\/imprimerie\\\/#\\\/schema\\\/logo\\\/image\\\/\",\"url\":\"https:\\/\\/ml1ap7ge16lj.i.optimole.com\\/8vL0WF0.crSG~56220\\/w:453\\/h:131\\/q:auto\\/https:\\/\\/alsaprint.fr\\/imprimerie\\/wp-content\\/uploads\\/2020\\/04\\/LOGO-2020-noir.png\",\"contentUrl\":\"https:\\/\\/ml1ap7ge16lj.i.optimole.com\\/8vL0WF0.crSG~56220\\/w:453\\/h:131\\/q:auto\\/https:\\/\\/alsaprint.fr\\/imprimerie\\/wp-content\\/uploads\\/2020\\/04\\/LOGO-2020-noir.png\",\"width\":453,\"height\":131,\"caption\":\"Alsaprint.fr\"},\"image\":{\"@id\":\"https:\\\/\\\/alsaprint.fr\\\/imprimerie\\\/#\\\/schema\\\/logo\\\/image\\\/\"},\"sameAs\":[\"https:\\\/\\\/www.facebook.com\\\/alsaprint68\",\"https:\\\/\\\/www.linkedin.com\\\/company\\\/alsaprint\\\/\"]}]}<\/script>\n<!-- \/ Yoast SEO plugin. -->","yoast_head_json":{"title":"Drapeaux - Beachflags - ALSAPRINT Imprimerie \u00e0 Mulhouse - Kingersheim","robots":{"index":"noindex","follow":"follow"},"og_locale":"fr_FR","og_type":"article","og_title":"Drapeaux - Beachflags - ALSAPRINT Imprimerie \u00e0 Mulhouse - Kingersheim","og_description":"Drapeau :Le drapeau classique est un rectangle de tissu le plus souvent en maille polyester imprim\u00e9 aux couleurs d&rsquo;un\u00a0groupe d&rsquo;individus [&hellip;]","og_url":"https:\/\/alsaprint.fr\/imprimerie\/drapeaux-2\/","og_site_name":"ALSAPRINT Imprimerie \u00e0 Mulhouse - Kingersheim","article_publisher":"https:\/\/www.facebook.com\/alsaprint68","article_modified_time":"2023-04-28T09:39:34+00:00","og_image":[{"url":"https:\/\/ml1ap7ge16lj.i.optimole.com\/cb:crSG~56220\/w:auto\/h:auto\/q:mauto\/f:best\/https:\/\/alsaprint.fr\/imprimerie\/wp-content\/uploads\/2023\/04\/8-page-6-beachflag.jpg","type":"","width":"","height":""}],"twitter_card":"summary_large_image","twitter_misc":{"Dur\u00e9e de lecture estim\u00e9e":"3 minutes"},"schema":{"@context":"https:\/\/schema.org","@graph":[{"@type":"WebPage","@id":"https:\/\/alsaprint.fr\/imprimerie\/drapeaux-2\/","url":"https:\/\/alsaprint.fr\/imprimerie\/drapeaux-2\/","name":"Drapeaux - Beachflags - ALSAPRINT Imprimerie \u00e0 Mulhouse - Kingersheim","isPartOf":{"@id":"https:\/\/alsaprint.fr\/imprimerie\/#website"},"primaryImageOfPage":{"@id":"https:\/\/alsaprint.fr\/imprimerie\/drapeaux-2\/#primaryimage"},"image":{"@id":"https:\/\/alsaprint.fr\/imprimerie\/drapeaux-2\/#primaryimage"},"thumbnailUrl":"https:\/\/ml1ap7ge16lj.i.optimole.com\/cb:crSG~56220\/w:auto\/h:auto\/q:mauto\/f:best\/https:\/\/alsaprint.fr\/imprimerie\/wp-content\/uploads\/2023\/04\/8-page-6-beachflag.jpg","datePublished":"2020-04-07T13:07:06+00:00","dateModified":"2023-04-28T09:39:34+00:00","breadcrumb":{"@id":"https:\/\/alsaprint.fr\/imprimerie\/drapeaux-2\/#breadcrumb"},"inLanguage":"fr-FR","potentialAction":[{"@type":"ReadAction","target":["https:\/\/alsaprint.fr\/imprimerie\/drapeaux-2\/"]}]},{"@type":"ImageObject","inLanguage":"fr-FR","@id":"https:\/\/alsaprint.fr\/imprimerie\/drapeaux-2\/#primaryimage","url":"https:\/\/ml1ap7ge16lj.i.optimole.com\/cb:crSG~56220\/w:auto\/h:auto\/q:mauto\/f:best\/https:\/\/alsaprint.fr\/imprimerie\/wp-content\/uploads\/2023\/04\/8-page-6-beachflag.jpg","contentUrl":"https:\/\/ml1ap7ge16lj.i.optimole.com\/cb:crSG~56220\/w:auto\/h:auto\/q:mauto\/f:best\/https:\/\/alsaprint.fr\/imprimerie\/wp-content\/uploads\/2023\/04\/8-page-6-beachflag.jpg","width":605,"height":817,"caption":"BEACHFLAGS DRAPEAUX IMPRIMERIE MULHOUSE"},{"@type":"BreadcrumbList","@id":"https:\/\/alsaprint.fr\/imprimerie\/drapeaux-2\/#breadcrumb","itemListElement":[{"@type":"ListItem","position":1,"name":"Accueil","item":"https:\/\/alsaprint.fr\/imprimerie\/"},{"@type":"ListItem","position":2,"name":"Drapeaux &#8211; Beachflags"}]},{"@type":"WebSite","@id":"https:\/\/alsaprint.fr\/imprimerie\/#website","url":"https:\/\/alsaprint.fr\/imprimerie\/","name":"ALSAPRINT Imprimerie \u00e0 Kingersheim","description":"Impression tout support \u00e0 Mulhouse","publisher":{"@id":"https:\/\/alsaprint.fr\/imprimerie\/#organization"},"potentialAction":[{"@type":"SearchAction","target":{"@type":"EntryPoint","urlTemplate":"https:\/\/alsaprint.fr\/imprimerie\/?s={search_term_string}"},"query-input":{"@type":"PropertyValueSpecification","valueRequired":true,"valueName":"search_term_string"}}],"inLanguage":"fr-FR"},{"@type":"Organization","@id":"https:\/\/alsaprint.fr\/imprimerie\/#organization","name":"Alsaprint.fr","url":"https:\/\/alsaprint.fr\/imprimerie\/","logo":{"@type":"ImageObject","inLanguage":"fr-FR","@id":"https:\/\/alsaprint.fr\/imprimerie\/#\/schema\/logo\/image\/","url":"https:\/\/ml1ap7ge16lj.i.optimole.com\/8vL0WF0.crSG~56220\/w:453\/h:131\/q:auto\/https:\/\/alsaprint.fr\/imprimerie\/wp-content\/uploads\/2020\/04\/LOGO-2020-noir.png","contentUrl":"https:\/\/ml1ap7ge16lj.i.optimole.com\/8vL0WF0.crSG~56220\/w:453\/h:131\/q:auto\/https:\/\/alsaprint.fr\/imprimerie\/wp-content\/uploads\/2020\/04\/LOGO-2020-noir.png","width":453,"height":131,"caption":"Alsaprint.fr"},"image":{"@id":"https:\/\/alsaprint.fr\/imprimerie\/#\/schema\/logo\/image\/"},"sameAs":["https:\/\/www.facebook.com\/alsaprint68","https:\/\/www.linkedin.com\/company\/alsaprint\/"]}]}},"_links":{"self":[{"href":"https:\/\/alsaprint.fr\/imprimerie\/wp-json\/wp\/v2\/pages\/522","targetHints":{"allow":["GET"]}}],"collection":[{"href":"https:\/\/alsaprint.fr\/imprimerie\/wp-json\/wp\/v2\/pages"}],"about":[{"href":"https:\/\/alsaprint.fr\/imprimerie\/wp-json\/wp\/v2\/types\/page"}],"author":[{"embeddable":true,"href":"https:\/\/alsaprint.fr\/imprimerie\/wp-json\/wp\/v2\/users\/1"}],"replies":[{"embeddable":true,"href":"https:\/\/alsaprint.fr\/imprimerie\/wp-json\/wp\/v2\/comments?post=522"}],"version-history":[{"count":8,"href":"https:\/\/alsaprint.fr\/imprimerie\/wp-json\/wp\/v2\/pages\/522\/revisions"}],"predecessor-version":[{"id":1455,"href":"https:\/\/alsaprint.fr\/imprimerie\/wp-json\/wp\/v2\/pages\/522\/revisions\/1455"}],"wp:attachment":[{"href":"https:\/\/alsaprint.fr\/imprimerie\/wp-json\/wp\/v2\/media?parent=522"}],"curies":[{"name":"wp","href":"https:\/\/api.w.org\/{rel}","templated":true}]}}