{"id":472,"date":"2020-04-05T16:47:53","date_gmt":"2020-04-05T14:47:53","guid":{"rendered":"https:\/\/alsaprint.fr\/imprimerie\/?page_id=472"},"modified":"2023-04-28T11:23:31","modified_gmt":"2023-04-28T09:23:31","slug":"flyers-2","status":"publish","type":"page","link":"https:\/\/alsaprint.fr\/imprimerie\/flyers-2\/","title":{"rendered":"Flyers"},"content":{"rendered":"\t\t<div data-elementor-type=\"wp-page\" data-elementor-id=\"472\" class=\"elementor elementor-472\">\n\t\t\t\t\t\t<section class=\"elementor-section elementor-top-section elementor-element elementor-element-2e52e15 elementor-section-boxed elementor-section-height-default elementor-section-height-default\" data-id=\"2e52e15\" data-element_type=\"section\" data-e-type=\"section\">\n\t\t\t\t\t\t<div class=\"elementor-container elementor-column-gap-default\">\n\t\t\t\t\t<div class=\"elementor-column elementor-col-100 elementor-top-column elementor-element elementor-element-36aee3e\" data-id=\"36aee3e\" data-element_type=\"column\" data-e-type=\"column\">\n\t\t\t<div class=\"elementor-widget-wrap elementor-element-populated\">\n\t\t\t\t\t\t<div class=\"elementor-element elementor-element-128ab21 elementor-widget elementor-widget-image\" data-id=\"128ab21\" data-element_type=\"widget\" data-e-type=\"widget\" data-widget_type=\"image.default\">\n\t\t\t\t<div class=\"elementor-widget-container\">\n\t\t\t\t\t\t\t\t\t\t\t\t\t\t\t<img data-opt-id=666608125  fetchpriority=\"high\" decoding=\"async\" width=\"600\" height=\"850\" src=\"https:\/\/ml1ap7ge16lj.i.optimole.com\/cb:crSG~56220\/w:600\/h:850\/q:mauto\/f:best\/https:\/\/alsaprint.fr\/imprimerie\/wp-content\/uploads\/2023\/04\/4-page-2-flyers.jpg\" class=\"attachment-large size-large wp-image-1426\" alt=\"FLYERS ALSAPRINT\" srcset=\"https:\/\/ml1ap7ge16lj.i.optimole.com\/cb:crSG~56220\/w:600\/h:850\/q:mauto\/f:best\/https:\/\/alsaprint.fr\/imprimerie\/wp-content\/uploads\/2023\/04\/4-page-2-flyers.jpg 600w, https:\/\/ml1ap7ge16lj.i.optimole.com\/cb:crSG~56220\/w:212\/h:300\/q:mauto\/f:best\/https:\/\/alsaprint.fr\/imprimerie\/wp-content\/uploads\/2023\/04\/4-page-2-flyers.jpg 212w\" sizes=\"(max-width: 600px) 100vw, 600px\" \/>\t\t\t\t\t\t\t\t\t\t\t\t\t\t\t<\/div>\n\t\t\t\t<\/div>\n\t\t\t\t<div class=\"elementor-element elementor-element-85cc67c elementor-widget elementor-widget-image\" data-id=\"85cc67c\" data-element_type=\"widget\" data-e-type=\"widget\" data-widget_type=\"image.default\">\n\t\t\t\t<div class=\"elementor-widget-container\">\n\t\t\t\t\t\t\t\t\t\t\t\t\t\t\t<img data-opt-id=235510409  fetchpriority=\"high\" decoding=\"async\" width=\"602\" height=\"394\" src=\"https:\/\/ml1ap7ge16lj.i.optimole.com\/cb:crSG~56220\/w:602\/h:394\/q:mauto\/f:best\/https:\/\/alsaprint.fr\/imprimerie\/wp-content\/uploads\/2023\/04\/5-page-3-fiche-affiche-v2.jpg\" class=\"attachment-large size-large wp-image-1428\" alt=\"IMPRIMERIE FLYERS\" srcset=\"https:\/\/ml1ap7ge16lj.i.optimole.com\/cb:crSG~56220\/w:602\/h:394\/q:mauto\/f:best\/https:\/\/alsaprint.fr\/imprimerie\/wp-content\/uploads\/2023\/04\/5-page-3-fiche-affiche-v2.jpg 602w, https:\/\/ml1ap7ge16lj.i.optimole.com\/cb:crSG~56220\/w:300\/h:196\/q:mauto\/f:best\/https:\/\/alsaprint.fr\/imprimerie\/wp-content\/uploads\/2023\/04\/5-page-3-fiche-affiche-v2.jpg 300w\" sizes=\"(max-width: 602px) 100vw, 602px\" \/>\t\t\t\t\t\t\t\t\t\t\t\t\t\t\t<\/div>\n\t\t\t\t<\/div>\n\t\t\t\t<div class=\"elementor-element elementor-element-b506d6a elementor-widget elementor-widget-text-editor\" data-id=\"b506d6a\" data-element_type=\"widget\" data-e-type=\"widget\" data-widget_type=\"text-editor.default\">\n\t\t\t\t<div class=\"elementor-widget-container\">\n\t\t\t\t\t\t\t\t\t<p>Prix public hors taxe, hors frais de conception graphique et de mise en page<\/p>\t\t\t\t\t\t\t\t<\/div>\n\t\t\t\t<\/div>\n\t\t\t\t<div class=\"elementor-element elementor-element-3c4b8d4 elementor-widget elementor-widget-spacer\" data-id=\"3c4b8d4\" data-element_type=\"widget\" data-e-type=\"widget\" data-widget_type=\"spacer.default\">\n\t\t\t\t<div class=\"elementor-widget-container\">\n\t\t\t\t\t\t\t<div class=\"elementor-spacer\">\n\t\t\t<div class=\"elementor-spacer-inner\"><\/div>\n\t\t<\/div>\n\t\t\t\t\t\t<\/div>\n\t\t\t\t<\/div>\n\t\t\t\t<div class=\"elementor-element elementor-element-6c45d90 elementor-widget elementor-widget-text-editor\" data-id=\"6c45d90\" data-element_type=\"widget\" data-e-type=\"widget\" data-widget_type=\"text-editor.default\">\n\t\t\t\t<div class=\"elementor-widget-container\">\n\t\t\t\t\t\t\t\t\t<p>R\u00e9aliser un flyer vendeur n\u00e9cessite souvent l\u2019intervention d\u2019un graphiste. N\u00e9anmoins il ne faut pas perdre de vue que le flyer doit \u00eatre l\u00e0 pour vendre et donc en plus du design vous devez soigner le message et l\u2019offre\u2026 et seul vous (l\u2019annonceur) est en mesure de le garantir\u2026<br>Tout d\u2019abord pour l\u2019impression des flyers, vous avez le choix entre diff\u00e9rents formats, le plus courant \u00e9tant : 10 x15 cm, 10 x 21 cm, A5, A4, A3.<br>L\u2019\u00e9paisseur du papier (le grammage) d\u00e9pendra de la dur\u00e9e de vie du flyer, de sa cible, de son mode de distribution et de votre budget de communication.<br>Une fois que vous avez d\u00e9fini votre budget, l\u2019endroit et le mode de distribution, ainsi que l\u2019offre principale, il faut r\u00e9fl\u00e9chir au design du flyer.<br>10 conseils pour r\u00e9ussir vos flyers<br>Il faut respecter la m\u00e9thode AIDA dans la construction de votre flyer :<\/p>\n<p>Attention (attirer l\u2019attention)<br>Int\u00e9r\u00eat (susciter l\u2019int\u00e9r\u00eat, parler d\u2019un probl\u00e8me et de votre solution)<br>D\u00e9sir (provoquer le d\u00e9sir: rappeler les b\u00e9n\u00e9fices via une liste simple \u00e0 lire et \u00e9ventuellement des t\u00e9moignages).<br>Action (pousser \u00e0 l\u2019action)<br>Bien entendu votre message doit \u00eatre diff\u00e9rent selon que vous souhaitez g\u00e9n\u00e9rer du trafic, trouver des prospects ou g\u00e9n\u00e9rer des ventes\u2026<\/p>\n<p><strong>1 \u2013 \u00c9crivez une accroche percutante !<\/strong><br>Il faut \u00e9crire un slogan qui soit facilement m\u00e9morisable (ex: Open bar de 19h \u00e0 21h !, Soir\u00e9e Disco\u2026), ou provocante (ex: Votre premier cours Gratuit, \u2026), ou encore pr\u00e9senter de mani\u00e8re factuelle votre offre (ex: Devenez un Pro de la Photo, Recyclez vos cartouches d\u2019encre\u2026) ou tout simplement faire une offre irr\u00e9sistible (ex: Cours d\u2019anglais 5 \u20ac de l\u2019heure\u2026). Le tout est d\u2019attirer l\u2019attention et donner envie au prospect d\u2019en savoir plus.<br>Il existe bien entendu des mots magiques comme : Facile, Gratuit, Offert, seulement, Exceptionnel, Promotion, Comment faire pour, Vous\u2026, D\u00e9couvrez, Devenez, Ne perdez plus, Oubliez\u2026<\/p>\n<p><strong>2 \u2013 Utilisez un design qui attire l\u2019\u0153il.<\/strong><br>Vous n\u2019avez que quelques millisecondes pour convaincre votre prospect de lire votre offre. Il faut donc attirer l\u2019\u0153il avec des couleurs chatoyantes et originales, voire Flashy (le choix des couleurs peut d\u00e9pendre de l\u2019offre, car les couleurs criardes sont plus pour les jeunes, le noir fait \u201chaut de gamme\u201d\u2026). Il est \u00e9galement important de mettre une image sur son flyer\u2026 tout le monde sait qu\u2019une image vaut mille mots. Par contre \u00e9vitez de mettre une multitude de petites images, pr\u00e9f\u00e9rez une image tr\u00e8s grande illustrative qui attire imm\u00e9diatement l\u2019\u0153il.<br>En effet une image ou un graphisme attire l\u2019\u0153il et fait passer imm\u00e9diatement une \u00e9motion, ce qui vous permet d\u2019avoir un support concret qui annoncera votre slogan. Soignez avec beaucoup d\u2019attention votre image, trouvez le bon visuel pour illustrer au mieux votre offre.<\/p>\n<p><strong>3 \u2013 Mettez en avant les b\u00e9n\u00e9fices pour vos prospects.<\/strong><br>Avant tout votre flyer doit r\u00e9pondre \u00e0 ces questions : qu\u2019est-ce que c\u2019est que ce flyer ? en quoi cette offre m\u2019int\u00e9resse ? Pourquoi moi ? Qu\u2019est-ce que cela va m\u2019apporter ? En quoi ce flyer va m\u2019aider ou r\u00e9soudre un probl\u00e8me ? Quels b\u00e9n\u00e9fices je vais en tirer ? O\u00f9 est-ce ? Quand est-ce ?<br>Bien entendu vous devez parler b\u00e9n\u00e9fices et non pas fonctions, ne pas dire \u201cnous ou je\u201d, mais \u201cvous\u201d et utiliser l\u2019imp\u00e9ratif\u2026 Il faut \u00e9galement faire des phrases tr\u00e8s courtes (mais compr\u00e9hensibles) pour r\u00e9duire l\u2019effort de lecture.<br>Il faut \u00e9galement soigner la mise en page pour une lisibilit\u00e9 via une lecture de rapide de la page : puces, listes, points, paragraphes de couleur\u2026<\/p>\n<p><strong>4 \u2013 Mettez en avant un t\u00e9moignage, une citation ou un r\u00e9sultat d\u2019\u00e9tude.<\/strong><br>Il n\u2019y a rien de plus fort qu\u2019un t\u00e9moignage de client satisfait, cela rassure et cela met en confiance. Un t\u00e9moignage est encore plus fort s\u2019il y a le nom et pr\u00e9nom de la personne, sa ville ou son adresse, ainsi que sa photo (mais sur un flyer ce n\u2019est pas facile \u00e0 int\u00e9grer!). De m\u00eame si vous avez un r\u00e9sultat d\u2019\u00e9tude ou d\u2019enqu\u00eate n\u2019h\u00e9sitez pas \u00e0 le mettre en avant (ex : 95% des clients ont constat\u00e9 des effets imm\u00e9diats dans les 2 semaines !).<\/p>\n<p><strong>5 \u2013 Organisez votre flyer en blocs th\u00e9matiques<\/strong><br>Les blocs de lecture permettent d\u2019analyser et de lire plus rapidement les informations (bloc slogan, bloc coordonn\u00e9es, bloc offre sp\u00e9ciale\u2026). Pour cela il faut opter pour une mise en page avec des blocs de textes th\u00e9matiques d\u00e9limit\u00e9s par des couleurs ou des formes. Attention par contre \u00e0 ne pas trop en faire, un flyer doit rester facile \u00e0 lire, le graphisme est l\u00e0 pour soutenir le message, ce n\u2019est pas une \u0153uvre d\u2019art (quoi que, parfois des flyers sont de v\u00e9ritables bijoux !) \u2026<\/p>\n<p><strong>6 \u2013 Mettez en avant les \u00e9l\u00e9ments essentiels.<\/strong><br>L\u2019offre, le prix, l\u2019endroit, la date\u2026 doivent \u00eatre mis sp\u00e9cialement en \u00e9vidence pour une lecture rapide gr\u00e2ce \u00e0 de la couleur, du gras\u2026 Par contre \u00e9vitez les polices trop graphiques qui peuvent \u00eatre jolies mais qui au final sont p\u00e9nibles \u00e0 la lecture.<\/p>\n<p><strong>7 \u2013 Rappelez-vous que Trop d\u2019informations tue l\u2019information !<\/strong><br>Il faut faire SIMPLE : une fois votre premier brouillon \u00e9crit, essayez de voir tout ce qui n\u2019est pas essentiel et qui peut \u00eatre supprim\u00e9. Il faut 1 police de caract\u00e8res (2 maximum), et deux ou trois tailles ou styles de texte au plus.<br>Pour la mise en page, alignez les textes pour une lecture optimale avec un sens de lecture qui part du plus important au d\u00e9tail (ex: th\u00e8me de la soir\u00e9e, contenu\u2026) pour finir sur la date et le lieu qui sont moins important. Vous devez d\u2019abords convaincre puis vendre.<br>Attention \u00e9galement \u00e0 prendre en compte les marges pour l\u2019impression du flyer.<\/p>\n<p><strong>8 Faites relire votre flyer par une personne ext\u00e9rieure.<\/strong><br>Une erreur classique c\u2019est de faire son flyer en ayant la t\u00eate dans le guidon : on oublie parfois des informations essentielles (lieu, prix\u2026) \u00e0 force de remodeler le design et le texte. Il faut donc faire relire le flyer par un oeil ext\u00e9rieur (famille, amis, coll\u00e8gues\u2026) afin d\u2019\u00eatre s\u00fbr que l\u2019offre soit claire et compr\u00e9hensible par tous.<br>De m\u00eame il est essentiel de v\u00e9rifier avant l\u2019impression la date, le prix, l\u2019adresse, le num\u00e9ro de t\u00e9l\u00e9phone, site internet\u2026 ainsi que l\u2019orthographe car une fois le flyer imprim\u00e9 cela sera trop tard !<\/p>\n<p><strong>9 \u2013 Utilisez le recto-verso<\/strong><br>Le plus important est le recto du flyer, c\u2019est lui qui doit porter le message le plus important. D\u2019ailleurs il n\u2019est souvent pas n\u00e9cessaire d\u2019imprimer au verso. N\u00e9anmoins si votre offre est complexe (ex: ajouter plus d\u2019arguments, un programme, des t\u00e9moignages\u2026) ou si vous souhaitez communiquer sur une deuxi\u00e8me offre (ex: une deuxi\u00e8me soir\u00e9e th\u00e9matique plus tard\u2026), il est int\u00e9ressant d\u2019imprimer des deux c\u00f4t\u00e9 de son flyer.<\/p>\n<p><strong>10 \u2013 Poussez \u00e0 l\u2019action vos prospects !<\/strong><br>Faire une offre c\u2019est bien, inciter ses clients \u00e0 acheter, s\u2019inscrire ou tout simplement venir c\u2019est mieux !<br>Pour cela il faut ajouter une incitation \u00e0 l\u2019action : r\u00e9duction sp\u00e9ciale en pr\u00e9commande, bon de r\u00e9duction \u00e0 pr\u00e9senter, offre sp\u00e9ciale pour les X premiers clients, cadeau, un \u00e9chantillon gratuit\u2026<br>De m\u00eame il est extr\u00eamement int\u00e9ressant de relayer cette op\u00e9ration sur un site internet pour que le prospect d\u00e9pose son \u00e9mail. En effet si au moment de votre op\u00e9ration le contact n\u2019est pas pr\u00eat, si vous r\u00e9cup\u00e9rez ses coordonn\u00e9es vous pourrez le recontacter plus tard.<\/p><p><b>Tous les tarifs sont Hors Taxes<\/b><\/p>\t\t\t\t\t\t\t\t<\/div>\n\t\t\t\t<\/div>\n\t\t\t\t\t<\/div>\n\t\t<\/div>\n\t\t\t\t\t<\/div>\n\t\t<\/section>\n\t\t\t\t<\/div>\n\t\t","protected":false},"excerpt":{"rendered":"<p>Prix public hors taxe, hors frais de conception graphique et de mise en page R\u00e9aliser un flyer vendeur n\u00e9cessite souvent [&hellip;]<\/p>\n","protected":false},"author":1,"featured_media":0,"parent":0,"menu_order":0,"comment_status":"closed","ping_status":"closed","template":"","meta":{"_acf_changed":false,"footnotes":""},"class_list":["post-472","page","type-page","status-publish","hentry"],"acf":[],"yoast_head":"<!-- This site is optimized with the Yoast SEO plugin v27.5 - https:\/\/yoast.com\/product\/yoast-seo-wordpress\/ -->\n<title>Flyers - ALSAPRINT Imprimerie \u00e0 Mulhouse - Kingersheim<\/title>\n<meta name=\"robots\" content=\"noindex, follow\" \/>\n<meta property=\"og:locale\" content=\"fr_FR\" \/>\n<meta property=\"og:type\" content=\"article\" \/>\n<meta property=\"og:title\" content=\"Flyers - ALSAPRINT Imprimerie \u00e0 Mulhouse - Kingersheim\" \/>\n<meta property=\"og:description\" content=\"Prix public hors taxe, hors frais de conception graphique et de mise en page R\u00e9aliser un flyer vendeur n\u00e9cessite souvent [&hellip;]\" \/>\n<meta property=\"og:url\" content=\"https:\/\/alsaprint.fr\/imprimerie\/flyers-2\/\" \/>\n<meta property=\"og:site_name\" content=\"ALSAPRINT Imprimerie \u00e0 Mulhouse - Kingersheim\" \/>\n<meta property=\"article:publisher\" content=\"https:\/\/www.facebook.com\/alsaprint68\" \/>\n<meta property=\"article:modified_time\" content=\"2023-04-28T09:23:31+00:00\" \/>\n<meta property=\"og:image\" content=\"https:\/\/ml1ap7ge16lj.i.optimole.com\/cb:crSG~56220\/w:auto\/h:auto\/q:mauto\/f:best\/https:\/\/alsaprint.fr\/imprimerie\/wp-content\/uploads\/2023\/04\/4-page-2-flyers.jpg\" \/>\n<meta name=\"twitter:card\" content=\"summary_large_image\" \/>\n<meta name=\"twitter:label1\" content=\"Dur\u00e9e de lecture estim\u00e9e\" \/>\n\t<meta name=\"twitter:data1\" content=\"7 minutes\" \/>\n<script type=\"application\/ld+json\" class=\"yoast-schema-graph\">{\"@context\":\"https:\\\/\\\/schema.org\",\"@graph\":[{\"@type\":\"WebPage\",\"@id\":\"https:\\\/\\\/alsaprint.fr\\\/imprimerie\\\/flyers-2\\\/\",\"url\":\"https:\\\/\\\/alsaprint.fr\\\/imprimerie\\\/flyers-2\\\/\",\"name\":\"Flyers - ALSAPRINT Imprimerie \u00e0 Mulhouse - Kingersheim\",\"isPartOf\":{\"@id\":\"https:\\\/\\\/alsaprint.fr\\\/imprimerie\\\/#website\"},\"primaryImageOfPage\":{\"@id\":\"https:\\\/\\\/alsaprint.fr\\\/imprimerie\\\/flyers-2\\\/#primaryimage\"},\"image\":{\"@id\":\"https:\\\/\\\/alsaprint.fr\\\/imprimerie\\\/flyers-2\\\/#primaryimage\"},\"thumbnailUrl\":\"https:\\/\\/alsaprint.fr\\/imprimerie\\/wp-content\\/uploads\\/2023\\/04\\/4-page-2-flyers.jpg\",\"datePublished\":\"2020-04-05T14:47:53+00:00\",\"dateModified\":\"2023-04-28T09:23:31+00:00\",\"breadcrumb\":{\"@id\":\"https:\\\/\\\/alsaprint.fr\\\/imprimerie\\\/flyers-2\\\/#breadcrumb\"},\"inLanguage\":\"fr-FR\",\"potentialAction\":[{\"@type\":\"ReadAction\",\"target\":[\"https:\\\/\\\/alsaprint.fr\\\/imprimerie\\\/flyers-2\\\/\"]}]},{\"@type\":\"ImageObject\",\"inLanguage\":\"fr-FR\",\"@id\":\"https:\\\/\\\/alsaprint.fr\\\/imprimerie\\\/flyers-2\\\/#primaryimage\",\"url\":\"https:\\/\\/alsaprint.fr\\/imprimerie\\/wp-content\\/uploads\\/2023\\/04\\/4-page-2-flyers.jpg\",\"contentUrl\":\"https:\\/\\/alsaprint.fr\\/imprimerie\\/wp-content\\/uploads\\/2023\\/04\\/4-page-2-flyers.jpg\",\"width\":600,\"height\":850,\"caption\":\"FLYERS ALSAPRINT\"},{\"@type\":\"BreadcrumbList\",\"@id\":\"https:\\\/\\\/alsaprint.fr\\\/imprimerie\\\/flyers-2\\\/#breadcrumb\",\"itemListElement\":[{\"@type\":\"ListItem\",\"position\":1,\"name\":\"Accueil\",\"item\":\"https:\\\/\\\/alsaprint.fr\\\/imprimerie\\\/\"},{\"@type\":\"ListItem\",\"position\":2,\"name\":\"Flyers\"}]},{\"@type\":\"WebSite\",\"@id\":\"https:\\\/\\\/alsaprint.fr\\\/imprimerie\\\/#website\",\"url\":\"https:\\\/\\\/alsaprint.fr\\\/imprimerie\\\/\",\"name\":\"ALSAPRINT Imprimerie \u00e0 Kingersheim\",\"description\":\"Impression tout support \u00e0 Mulhouse\",\"publisher\":{\"@id\":\"https:\\\/\\\/alsaprint.fr\\\/imprimerie\\\/#organization\"},\"potentialAction\":[{\"@type\":\"SearchAction\",\"target\":{\"@type\":\"EntryPoint\",\"urlTemplate\":\"https:\\\/\\\/alsaprint.fr\\\/imprimerie\\\/?s={search_term_string}\"},\"query-input\":{\"@type\":\"PropertyValueSpecification\",\"valueRequired\":true,\"valueName\":\"search_term_string\"}}],\"inLanguage\":\"fr-FR\"},{\"@type\":\"Organization\",\"@id\":\"https:\\\/\\\/alsaprint.fr\\\/imprimerie\\\/#organization\",\"name\":\"Alsaprint.fr\",\"url\":\"https:\\\/\\\/alsaprint.fr\\\/imprimerie\\\/\",\"logo\":{\"@type\":\"ImageObject\",\"inLanguage\":\"fr-FR\",\"@id\":\"https:\\\/\\\/alsaprint.fr\\\/imprimerie\\\/#\\\/schema\\\/logo\\\/image\\\/\",\"url\":\"https:\\/\\/ml1ap7ge16lj.i.optimole.com\\/8vL0WF0.crSG~56220\\/w:453\\/h:131\\/q:auto\\/https:\\/\\/alsaprint.fr\\/imprimerie\\/wp-content\\/uploads\\/2020\\/04\\/LOGO-2020-noir.png\",\"contentUrl\":\"https:\\/\\/ml1ap7ge16lj.i.optimole.com\\/8vL0WF0.crSG~56220\\/w:453\\/h:131\\/q:auto\\/https:\\/\\/alsaprint.fr\\/imprimerie\\/wp-content\\/uploads\\/2020\\/04\\/LOGO-2020-noir.png\",\"width\":453,\"height\":131,\"caption\":\"Alsaprint.fr\"},\"image\":{\"@id\":\"https:\\\/\\\/alsaprint.fr\\\/imprimerie\\\/#\\\/schema\\\/logo\\\/image\\\/\"},\"sameAs\":[\"https:\\\/\\\/www.facebook.com\\\/alsaprint68\",\"https:\\\/\\\/www.linkedin.com\\\/company\\\/alsaprint\\\/\"]}]}<\/script>\n<!-- \/ Yoast SEO plugin. -->","yoast_head_json":{"title":"Flyers - ALSAPRINT Imprimerie \u00e0 Mulhouse - Kingersheim","robots":{"index":"noindex","follow":"follow"},"og_locale":"fr_FR","og_type":"article","og_title":"Flyers - ALSAPRINT Imprimerie \u00e0 Mulhouse - Kingersheim","og_description":"Prix public hors taxe, hors frais de conception graphique et de mise en page R\u00e9aliser un flyer vendeur n\u00e9cessite souvent [&hellip;]","og_url":"https:\/\/alsaprint.fr\/imprimerie\/flyers-2\/","og_site_name":"ALSAPRINT Imprimerie \u00e0 Mulhouse - Kingersheim","article_publisher":"https:\/\/www.facebook.com\/alsaprint68","article_modified_time":"2023-04-28T09:23:31+00:00","og_image":[{"url":"https:\/\/ml1ap7ge16lj.i.optimole.com\/cb:crSG~56220\/w:auto\/h:auto\/q:mauto\/f:best\/https:\/\/alsaprint.fr\/imprimerie\/wp-content\/uploads\/2023\/04\/4-page-2-flyers.jpg","type":"","width":"","height":""}],"twitter_card":"summary_large_image","twitter_misc":{"Dur\u00e9e de lecture estim\u00e9e":"7 minutes"},"schema":{"@context":"https:\/\/schema.org","@graph":[{"@type":"WebPage","@id":"https:\/\/alsaprint.fr\/imprimerie\/flyers-2\/","url":"https:\/\/alsaprint.fr\/imprimerie\/flyers-2\/","name":"Flyers - ALSAPRINT Imprimerie \u00e0 Mulhouse - Kingersheim","isPartOf":{"@id":"https:\/\/alsaprint.fr\/imprimerie\/#website"},"primaryImageOfPage":{"@id":"https:\/\/alsaprint.fr\/imprimerie\/flyers-2\/#primaryimage"},"image":{"@id":"https:\/\/alsaprint.fr\/imprimerie\/flyers-2\/#primaryimage"},"thumbnailUrl":"https:\/\/ml1ap7ge16lj.i.optimole.com\/cb:crSG~56220\/w:auto\/h:auto\/q:mauto\/f:best\/https:\/\/alsaprint.fr\/imprimerie\/wp-content\/uploads\/2023\/04\/4-page-2-flyers.jpg","datePublished":"2020-04-05T14:47:53+00:00","dateModified":"2023-04-28T09:23:31+00:00","breadcrumb":{"@id":"https:\/\/alsaprint.fr\/imprimerie\/flyers-2\/#breadcrumb"},"inLanguage":"fr-FR","potentialAction":[{"@type":"ReadAction","target":["https:\/\/alsaprint.fr\/imprimerie\/flyers-2\/"]}]},{"@type":"ImageObject","inLanguage":"fr-FR","@id":"https:\/\/alsaprint.fr\/imprimerie\/flyers-2\/#primaryimage","url":"https:\/\/ml1ap7ge16lj.i.optimole.com\/cb:crSG~56220\/w:auto\/h:auto\/q:mauto\/f:best\/https:\/\/alsaprint.fr\/imprimerie\/wp-content\/uploads\/2023\/04\/4-page-2-flyers.jpg","contentUrl":"https:\/\/ml1ap7ge16lj.i.optimole.com\/cb:crSG~56220\/w:auto\/h:auto\/q:mauto\/f:best\/https:\/\/alsaprint.fr\/imprimerie\/wp-content\/uploads\/2023\/04\/4-page-2-flyers.jpg","width":600,"height":850,"caption":"FLYERS ALSAPRINT"},{"@type":"BreadcrumbList","@id":"https:\/\/alsaprint.fr\/imprimerie\/flyers-2\/#breadcrumb","itemListElement":[{"@type":"ListItem","position":1,"name":"Accueil","item":"https:\/\/alsaprint.fr\/imprimerie\/"},{"@type":"ListItem","position":2,"name":"Flyers"}]},{"@type":"WebSite","@id":"https:\/\/alsaprint.fr\/imprimerie\/#website","url":"https:\/\/alsaprint.fr\/imprimerie\/","name":"ALSAPRINT Imprimerie \u00e0 Kingersheim","description":"Impression tout support \u00e0 Mulhouse","publisher":{"@id":"https:\/\/alsaprint.fr\/imprimerie\/#organization"},"potentialAction":[{"@type":"SearchAction","target":{"@type":"EntryPoint","urlTemplate":"https:\/\/alsaprint.fr\/imprimerie\/?s={search_term_string}"},"query-input":{"@type":"PropertyValueSpecification","valueRequired":true,"valueName":"search_term_string"}}],"inLanguage":"fr-FR"},{"@type":"Organization","@id":"https:\/\/alsaprint.fr\/imprimerie\/#organization","name":"Alsaprint.fr","url":"https:\/\/alsaprint.fr\/imprimerie\/","logo":{"@type":"ImageObject","inLanguage":"fr-FR","@id":"https:\/\/alsaprint.fr\/imprimerie\/#\/schema\/logo\/image\/","url":"https:\/\/ml1ap7ge16lj.i.optimole.com\/8vL0WF0.crSG~56220\/w:453\/h:131\/q:auto\/https:\/\/alsaprint.fr\/imprimerie\/wp-content\/uploads\/2020\/04\/LOGO-2020-noir.png","contentUrl":"https:\/\/ml1ap7ge16lj.i.optimole.com\/8vL0WF0.crSG~56220\/w:453\/h:131\/q:auto\/https:\/\/alsaprint.fr\/imprimerie\/wp-content\/uploads\/2020\/04\/LOGO-2020-noir.png","width":453,"height":131,"caption":"Alsaprint.fr"},"image":{"@id":"https:\/\/alsaprint.fr\/imprimerie\/#\/schema\/logo\/image\/"},"sameAs":["https:\/\/www.facebook.com\/alsaprint68","https:\/\/www.linkedin.com\/company\/alsaprint\/"]}]}},"_links":{"self":[{"href":"https:\/\/alsaprint.fr\/imprimerie\/wp-json\/wp\/v2\/pages\/472","targetHints":{"allow":["GET"]}}],"collection":[{"href":"https:\/\/alsaprint.fr\/imprimerie\/wp-json\/wp\/v2\/pages"}],"about":[{"href":"https:\/\/alsaprint.fr\/imprimerie\/wp-json\/wp\/v2\/types\/page"}],"author":[{"embeddable":true,"href":"https:\/\/alsaprint.fr\/imprimerie\/wp-json\/wp\/v2\/users\/1"}],"replies":[{"embeddable":true,"href":"https:\/\/alsaprint.fr\/imprimerie\/wp-json\/wp\/v2\/comments?post=472"}],"version-history":[{"count":7,"href":"https:\/\/alsaprint.fr\/imprimerie\/wp-json\/wp\/v2\/pages\/472\/revisions"}],"predecessor-version":[{"id":1431,"href":"https:\/\/alsaprint.fr\/imprimerie\/wp-json\/wp\/v2\/pages\/472\/revisions\/1431"}],"wp:attachment":[{"href":"https:\/\/alsaprint.fr\/imprimerie\/wp-json\/wp\/v2\/media?parent=472"}],"curies":[{"name":"wp","href":"https:\/\/api.w.org\/{rel}","templated":true}]}}