{"id":355,"date":"2020-04-04T17:06:40","date_gmt":"2020-04-04T15:06:40","guid":{"rendered":"https:\/\/alsaprint.fr\/imprimerie\/?page_id=355"},"modified":"2023-04-28T11:26:01","modified_gmt":"2023-04-28T09:26:01","slug":"cartes-de-visite","status":"publish","type":"page","link":"https:\/\/alsaprint.fr\/imprimerie\/cartes-de-visite\/","title":{"rendered":"Cartes de visite"},"content":{"rendered":"\t\t<div data-elementor-type=\"wp-page\" data-elementor-id=\"355\" class=\"elementor elementor-355\">\n\t\t\t\t\t\t<section class=\"elementor-section elementor-top-section elementor-element elementor-element-191c568 elementor-section-boxed elementor-section-height-default elementor-section-height-default\" data-id=\"191c568\" data-element_type=\"section\" data-e-type=\"section\">\n\t\t\t\t\t\t<div class=\"elementor-container elementor-column-gap-default\">\n\t\t\t\t\t<div class=\"elementor-column elementor-col-100 elementor-top-column elementor-element elementor-element-57cc6df\" data-id=\"57cc6df\" data-element_type=\"column\" data-e-type=\"column\">\n\t\t\t<div class=\"elementor-widget-wrap elementor-element-populated\">\n\t\t\t\t\t\t<div class=\"elementor-element elementor-element-c479851 elementor-widget elementor-widget-image\" data-id=\"c479851\" data-element_type=\"widget\" data-e-type=\"widget\" data-widget_type=\"image.default\">\n\t\t\t\t<div class=\"elementor-widget-container\">\n\t\t\t\t\t\t\t\t\t\t\t\t\t\t\t<img data-opt-id=873754546  fetchpriority=\"high\" decoding=\"async\" width=\"601\" height=\"555\" src=\"https:\/\/ml1ap7ge16lj.i.optimole.com\/cb:crSG~56220\/w:601\/h:555\/q:mauto\/f:best\/https:\/\/alsaprint.fr\/imprimerie\/wp-content\/uploads\/2023\/04\/3-page-1-cartedevisite.jpg\" class=\"attachment-large size-large wp-image-1432\" alt=\"IMPRIMERIE CARTE DE VISITE\" srcset=\"https:\/\/ml1ap7ge16lj.i.optimole.com\/cb:crSG~56220\/w:601\/h:555\/q:mauto\/f:best\/https:\/\/alsaprint.fr\/imprimerie\/wp-content\/uploads\/2023\/04\/3-page-1-cartedevisite.jpg 601w, https:\/\/ml1ap7ge16lj.i.optimole.com\/cb:crSG~56220\/w:300\/h:277\/q:mauto\/f:best\/https:\/\/alsaprint.fr\/imprimerie\/wp-content\/uploads\/2023\/04\/3-page-1-cartedevisite.jpg 300w\" sizes=\"(max-width: 601px) 100vw, 601px\" \/>\t\t\t\t\t\t\t\t\t\t\t\t\t\t\t<\/div>\n\t\t\t\t<\/div>\n\t\t\t\t<div class=\"elementor-element elementor-element-c8144de elementor-widget elementor-widget-text-editor\" data-id=\"c8144de\" data-element_type=\"widget\" data-e-type=\"widget\" data-widget_type=\"text-editor.default\">\n\t\t\t\t<div class=\"elementor-widget-container\">\n\t\t\t\t\t\t\t\t\t<p>Prix public hors taxe, hors frais de conception graphique et de mise en page<\/p>\t\t\t\t\t\t\t\t<\/div>\n\t\t\t\t<\/div>\n\t\t\t\t<div class=\"elementor-element elementor-element-c39cf9a elementor-widget elementor-widget-image\" data-id=\"c39cf9a\" data-element_type=\"widget\" data-e-type=\"widget\" data-widget_type=\"image.default\">\n\t\t\t\t<div class=\"elementor-widget-container\">\n\t\t\t\t\t\t\t\t\t\t\t\t\t\t\t<img data-opt-id=2112396950  fetchpriority=\"high\" decoding=\"async\" width=\"1024\" height=\"683\" src=\"https:\/\/ml1ap7ge16lj.i.optimole.com\/cb:crSG~56220\/w:1024\/h:683\/q:mauto\/f:best\/https:\/\/alsaprint.fr\/imprimerie\/wp-content\/uploads\/2020\/04\/alsaprint-mulhouse-carte-de-visite.jpg\" class=\"attachment-large size-large wp-image-419\" alt=\"alsaprint-carte-de-visite\" srcset=\"https:\/\/ml1ap7ge16lj.i.optimole.com\/cb:crSG~56220\/w:1200\/h:800\/q:mauto\/f:best\/https:\/\/alsaprint.fr\/imprimerie\/wp-content\/uploads\/2020\/04\/alsaprint-mulhouse-carte-de-visite.jpg 1200w, https:\/\/ml1ap7ge16lj.i.optimole.com\/cb:crSG~56220\/w:300\/h:200\/q:mauto\/f:best\/https:\/\/alsaprint.fr\/imprimerie\/wp-content\/uploads\/2020\/04\/alsaprint-mulhouse-carte-de-visite.jpg 300w, https:\/\/ml1ap7ge16lj.i.optimole.com\/cb:crSG~56220\/w:1024\/h:683\/q:mauto\/f:best\/https:\/\/alsaprint.fr\/imprimerie\/wp-content\/uploads\/2020\/04\/alsaprint-mulhouse-carte-de-visite.jpg 1024w, https:\/\/ml1ap7ge16lj.i.optimole.com\/cb:crSG~56220\/w:768\/h:512\/q:mauto\/f:best\/https:\/\/alsaprint.fr\/imprimerie\/wp-content\/uploads\/2020\/04\/alsaprint-mulhouse-carte-de-visite.jpg 768w, https:\/\/ml1ap7ge16lj.i.optimole.com\/cb:crSG~56220\/w:720\/h:480\/q:mauto\/f:best\/https:\/\/alsaprint.fr\/imprimerie\/wp-content\/uploads\/2020\/04\/alsaprint-mulhouse-carte-de-visite.jpg 720w\" sizes=\"(max-width: 1024px) 100vw, 1024px\" \/>\t\t\t\t\t\t\t\t\t\t\t\t\t\t\t<\/div>\n\t\t\t\t<\/div>\n\t\t\t\t\t<\/div>\n\t\t<\/div>\n\t\t\t\t\t<\/div>\n\t\t<\/section>\n\t\t\t\t<section class=\"elementor-section elementor-top-section elementor-element elementor-element-d0d66a2 elementor-section-boxed elementor-section-height-default elementor-section-height-default\" data-id=\"d0d66a2\" data-element_type=\"section\" data-e-type=\"section\">\n\t\t\t\t\t\t<div class=\"elementor-container elementor-column-gap-default\">\n\t\t\t\t\t<div class=\"elementor-column elementor-col-100 elementor-top-column elementor-element elementor-element-cdc05af\" data-id=\"cdc05af\" data-element_type=\"column\" data-e-type=\"column\">\n\t\t\t<div class=\"elementor-widget-wrap elementor-element-populated\">\n\t\t\t\t\t\t<div class=\"elementor-element elementor-element-0c2bb02 elementor-widget elementor-widget-text-editor\" data-id=\"0c2bb02\" data-element_type=\"widget\" data-e-type=\"widget\" data-widget_type=\"text-editor.default\">\n\t\t\t\t<div class=\"elementor-widget-container\">\n\t\t\t\t\t\t\t\t\t<p><strong>Malgr\u00e9 l&rsquo;av\u00e8nement du tout num\u00e9rique, ce petit rectangle de carton bien connu sur lequel figurent vos coordonn\u00e9es garde tout de m\u00eame la cote ! Aujourd\u2019hui, de nombreuses options permettent d&#8217;embellir vos cartes de visites et ainsi vous d\u00e9marquer. Alors comment donner envie de la regarder et surtout de la garder ?<\/strong><\/p><h2>Une question de taille\u00a0<\/h2><p>La taille standard d\u2019une carte visite est de 8,5 x 5,4cm. Et sur ce point l\u00e0, mieux vaut ne pas trop vouloir faire dans l\u2019originalit\u00e9. Certains sites proposent de nouvelles formes (plus grandes, carr\u00e9es\u2026) mais il faut garder \u00e0 l\u2019esprit que le format n\u2019a pas \u00e9t\u00e9 normalis\u00e9 pour rien. Il correspond \u00e0 la taille d\u2019une carte bancaire et sera donc plus appropri\u00e9 pour \u00eatre ins\u00e9r\u00e9 dans n\u2019importe quel portefeuille ou porte-cartes. Une carte de visite trop grande sera pli\u00e9e, perdue ou jet\u00e9e car encombrante.<\/p><h2>Horizontal ou vertical ?\u00a0<\/h2><p>En ce qui concerne l\u2019orientation, pensez que la plupart des cartes sont d\u2019un format horizontal donc celui-ci reste le plus naturel aux yeux de vos interlocuteurs. Vous opterez plut\u00f4t pour l\u2019horizontal si vous \u00eates chef d\u2019entreprise, cadre, journaliste\u2026 Rien ne vous interdit cependant de tester la carte verticale. Les informations devront alors \u00eatre dispos\u00e9es les unes sous les autres. Ce c\u00f4t\u00e9 original peut \u00eatre le bienvenu si votre entreprise propose un produit ou des services atypiques.<\/p><h2>Pensez \u00e0 la lisibilit\u00e9<\/h2><p>Optez pour une police d\u2019\u00e9criture simple, sobre (Times New Roman, Calibri, Arial\u2026) et n\u2019utilisez pas plus de deux polices diff\u00e9rentes sur une m\u00eame carte. En revanche vous pouvez jouer avec la taille : ne mettez pas toutes les informations \u00e0 la m\u00eame taille, variez entre l\u2019italique et le gras, cela permet de les hi\u00e9rarchiser. Les polices les plus grosses doivent correspondre aux \u00e9l\u00e9ments importants. Choisissez une taille minimum de 7,5 pt pour une question de lisibilit\u00e9. Gardez \u00e0 l\u2019esprit qu\u2019il est important quoiqu\u2019il arrive d\u2019a\u00e9rer le texte pour une lecture facile et une impression de clart\u00e9. Enfin, \u00e9vitez le texte trop proche des bords de la carte, une marge montre plus d\u2019\u00e9l\u00e9gance.<\/p><h2>Finie l\u2019\u00e9poque du noir et blanc<\/h2><p>Si votre entreprise dispose d\u2019une charte graphique, il est conseill\u00e9 de l\u2019appliquer afin de conserver une certaine coh\u00e9rence visuelle. Le fond de couleur doit \u00eatre assez porteur de sens et rappeler le secteur d\u2019activit\u00e9 (vert pour les paysagistes, gris pour le b\u00e2timent, jaune pour les boulangers\u2026). Cela contribue \u00e0 cr\u00e9er une ambiance agr\u00e9able pour le destinataire.<\/p><h2>L\u2019arri\u00e8re de la carte<\/h2><p>Certaines cartes peuvent \u00eatre \u00e9crites \u00e0 la fois sur le recto et sur le verso. Tout d\u00e9pend du nombre d\u2019informations qui apparaitront sur votre carte de visite. En g\u00e9n\u00e9ral, un recto suffit \u00e0 placer les informations vous concernant et concernant votre entreprise. Le verso permet d\u2019en ajouter \u00e0 condition qu\u2019elles soient utiles tels que les tarifs si vous vendez un produit en particulier, les activit\u00e9s de l\u2019entreprise si elles sont multiples, les horaires s&rsquo;ils sont particuliers\u2026 Mais sachez que l\u2019interlocuteur utilise parfois le dos de la carte pour prendre quelques notes. Il vous faut donc une r\u00e9elle n\u00e9cessit\u00e9 pour ins\u00e9rer des compl\u00e9ments d\u2019informations au verso.<\/p><h2>Une carte qui vaut de l\u2019or<\/h2><p>Pr\u00e9f\u00e9rez un papier de qualit\u00e9, avec un toucher agr\u00e9able. Cela a son importance et donne une bonne image de vous et de votre entreprise. Choisissez un papier mat ou brillant (souvent plus cher qu\u2019une qualit\u00e9 standard mais cela en vaut la peine). Le vernis des cartes de visites au fini brillant leur donne un aspect haut de gamme. Notez qu\u2019il est aussi possible d\u2019utiliser \u00ab le vernis s\u00e9lectif \u00bb que vous choisissez d\u2019appliquer seulement sur certains \u00e9l\u00e9ments de votre carte (image, logo\u2026). Par contre ne tombez pas dans le pi\u00e8ge de vouloir \u00ab en faire trop \u00bb. Pr\u00e9f\u00e9rez le traditionnel mais qui rime ici avec rationnel. Bannissez l\u2019impression et le d\u00e9coupage \u00ab maison \u00bb et le papier trop fin (souvent bas de gamme).<\/p><h2>Le choix des informations\u00a0<\/h2><p>Votre carte de visite doit renseigner de mani\u00e8re rapide son propri\u00e9taire, sa marque, mais cela ne doit pas non plus se transformer en plaquette commerciale. C\u2019est bien connu : trop d\u2019information tue l\u2019information. Il faut donc que vous s\u00e9lectionniez et surtout que vous hi\u00e9rarchisiez ! Une carte dite classique est cens\u00e9e indiquer la raison sociale de votre entreprise, vos nom et pr\u00e9nom, votre fonction et vos coordonn\u00e9es. Vous pouvez inscrire \u00e0 la fois celles permettant de joindre l\u2019entreprise et vos coordonn\u00e9es directes. L\u2019adresse e-mail et le num\u00e9ro de t\u00e9l\u00e9phone portable sont indispensables et vous pouvez \u00e9galement ajouter l\u2019adresse du site web de la soci\u00e9t\u00e9. Si possible d\u00e9crivez en deux ou trois mots sous le nom de l\u2019entreprise\u00a0 l\u2019argument qui fait que votre soci\u00e9t\u00e9 est diff\u00e9rente des autres\u2026<\/p><h2>L\u2019ajout d\u2019images<\/h2><p>Si vous avez un logo faites-le figurer sur la carte, c\u2019est l\u2019\u00e9l\u00e9ment visuel qui permet \u00e0 votre interlocuteur de se souvenir de vous et de votre entreprise en un coup d\u2019\u0153il. Par contre, prenez garde \u00e0 ne pas tomber dans le clich\u00e9 de la truelle pour repr\u00e9senter le b\u00e2timent. Ce n\u2019est pas tr\u00e8s original. Pr\u00e9f\u00e9rez \u00e0 la rigueur une photo prise par vos soins, refl\u00e9tant votre entreprise (un b\u00e2timent en construction par exemple). Adaptez la taille du logo ou de l\u2019image pour que cela n\u2019\u00e9crase pas le texte.<\/p><h2>Une carte personnalis\u00e9e<\/h2><p>N\u2019oubliez pas qu\u2019il vous est possible de faire plusieurs cartes. Les informations peuvent ne pas \u00eatre les m\u00eames selon votre destinataire (client, investisseur\u2026). Au lieu de vouloir absolument tout mettre, adaptez vos informations et ne faites pas une carte \u00ab passe-partout \u00bb. Pour un client vous pourrez mettre en avant les services propos\u00e9s, les produits que vous vendez\u2026 Et pour un investisseur, pr\u00e9f\u00e9rez l\u2019ajout d\u2019informations sur l\u2019entrepreneur et le projet.<\/p><h2>Une carte 2.0<\/h2><p>Dernier conseil : aujourd\u2019hui la communication passe beaucoup par le num\u00e9rique. M\u00eame si la carte de visite a encore de belles ann\u00e9es devant elle, montrez que vous \u00eates adepte des nouvelles technologies et enrichissez votre carte avec un QR code qui permettra au destinataire de pouvoir acc\u00e9der directement depuis son smartphone ou sa tablette \u00e0 votre site web ou \u00e0 votre profil professionnel. Des sites d\u00e9di\u00e9s vous proposent de le faire rapidement et gratuitement, et vous \u00eates s\u00fbr de vous montrer original et \u00e0 la pointe de la technologie.<\/p>\t\t\t\t\t\t\t\t<\/div>\n\t\t\t\t<\/div>\n\t\t\t\t\t<\/div>\n\t\t<\/div>\n\t\t\t\t\t<\/div>\n\t\t<\/section>\n\t\t\t\t<\/div>\n\t\t","protected":false},"excerpt":{"rendered":"<p>Prix public hors taxe, hors frais de conception graphique et de mise en page Malgr\u00e9 l&rsquo;av\u00e8nement du tout num\u00e9rique, ce [&hellip;]<\/p>\n","protected":false},"author":1,"featured_media":0,"parent":0,"menu_order":0,"comment_status":"closed","ping_status":"closed","template":"","meta":{"_acf_changed":false,"footnotes":""},"class_list":["post-355","page","type-page","status-publish","hentry"],"acf":[],"yoast_head":"<!-- This site is optimized with the Yoast SEO plugin v27.5 - https:\/\/yoast.com\/product\/yoast-seo-wordpress\/ -->\n<title>Cartes de visite - ALSAPRINT Imprimerie \u00e0 Mulhouse - Kingersheim<\/title>\n<meta name=\"robots\" content=\"noindex, follow\" \/>\n<meta property=\"og:locale\" content=\"fr_FR\" \/>\n<meta property=\"og:type\" content=\"article\" \/>\n<meta property=\"og:title\" content=\"Cartes de visite - ALSAPRINT Imprimerie \u00e0 Mulhouse - Kingersheim\" \/>\n<meta property=\"og:description\" content=\"Prix public hors taxe, hors frais de conception graphique et de mise en page Malgr\u00e9 l&rsquo;av\u00e8nement du tout num\u00e9rique, ce [&hellip;]\" \/>\n<meta property=\"og:url\" content=\"https:\/\/alsaprint.fr\/imprimerie\/cartes-de-visite\/\" \/>\n<meta property=\"og:site_name\" content=\"ALSAPRINT Imprimerie \u00e0 Mulhouse - Kingersheim\" \/>\n<meta property=\"article:publisher\" content=\"https:\/\/www.facebook.com\/alsaprint68\" \/>\n<meta property=\"article:modified_time\" content=\"2023-04-28T09:26:01+00:00\" \/>\n<meta property=\"og:image\" content=\"https:\/\/ml1ap7ge16lj.i.optimole.com\/cb:crSG~56220\/w:auto\/h:auto\/q:mauto\/f:best\/https:\/\/alsaprint.fr\/imprimerie\/wp-content\/uploads\/2023\/04\/3-page-1-cartedevisite.jpg\" \/>\n<meta name=\"twitter:card\" content=\"summary_large_image\" \/>\n<meta name=\"twitter:label1\" content=\"Dur\u00e9e de lecture estim\u00e9e\" \/>\n\t<meta name=\"twitter:data1\" content=\"6 minutes\" \/>\n<script type=\"application\/ld+json\" class=\"yoast-schema-graph\">{\"@context\":\"https:\\\/\\\/schema.org\",\"@graph\":[{\"@type\":\"WebPage\",\"@id\":\"https:\\\/\\\/alsaprint.fr\\\/imprimerie\\\/cartes-de-visite\\\/\",\"url\":\"https:\\\/\\\/alsaprint.fr\\\/imprimerie\\\/cartes-de-visite\\\/\",\"name\":\"Cartes de visite - ALSAPRINT Imprimerie \u00e0 Mulhouse - Kingersheim\",\"isPartOf\":{\"@id\":\"https:\\\/\\\/alsaprint.fr\\\/imprimerie\\\/#website\"},\"primaryImageOfPage\":{\"@id\":\"https:\\\/\\\/alsaprint.fr\\\/imprimerie\\\/cartes-de-visite\\\/#primaryimage\"},\"image\":{\"@id\":\"https:\\\/\\\/alsaprint.fr\\\/imprimerie\\\/cartes-de-visite\\\/#primaryimage\"},\"thumbnailUrl\":\"https:\\/\\/alsaprint.fr\\/imprimerie\\/wp-content\\/uploads\\/2023\\/04\\/3-page-1-cartedevisite.jpg\",\"datePublished\":\"2020-04-04T15:06:40+00:00\",\"dateModified\":\"2023-04-28T09:26:01+00:00\",\"breadcrumb\":{\"@id\":\"https:\\\/\\\/alsaprint.fr\\\/imprimerie\\\/cartes-de-visite\\\/#breadcrumb\"},\"inLanguage\":\"fr-FR\",\"potentialAction\":[{\"@type\":\"ReadAction\",\"target\":[\"https:\\\/\\\/alsaprint.fr\\\/imprimerie\\\/cartes-de-visite\\\/\"]}]},{\"@type\":\"ImageObject\",\"inLanguage\":\"fr-FR\",\"@id\":\"https:\\\/\\\/alsaprint.fr\\\/imprimerie\\\/cartes-de-visite\\\/#primaryimage\",\"url\":\"https:\\/\\/alsaprint.fr\\/imprimerie\\/wp-content\\/uploads\\/2023\\/04\\/3-page-1-cartedevisite.jpg\",\"contentUrl\":\"https:\\/\\/alsaprint.fr\\/imprimerie\\/wp-content\\/uploads\\/2023\\/04\\/3-page-1-cartedevisite.jpg\",\"width\":601,\"height\":555,\"caption\":\"IMPRIMERIE CARTE DE VISITE\"},{\"@type\":\"BreadcrumbList\",\"@id\":\"https:\\\/\\\/alsaprint.fr\\\/imprimerie\\\/cartes-de-visite\\\/#breadcrumb\",\"itemListElement\":[{\"@type\":\"ListItem\",\"position\":1,\"name\":\"Accueil\",\"item\":\"https:\\\/\\\/alsaprint.fr\\\/imprimerie\\\/\"},{\"@type\":\"ListItem\",\"position\":2,\"name\":\"Cartes de visite\"}]},{\"@type\":\"WebSite\",\"@id\":\"https:\\\/\\\/alsaprint.fr\\\/imprimerie\\\/#website\",\"url\":\"https:\\\/\\\/alsaprint.fr\\\/imprimerie\\\/\",\"name\":\"ALSAPRINT Imprimerie \u00e0 Kingersheim\",\"description\":\"Impression tout support \u00e0 Mulhouse\",\"publisher\":{\"@id\":\"https:\\\/\\\/alsaprint.fr\\\/imprimerie\\\/#organization\"},\"potentialAction\":[{\"@type\":\"SearchAction\",\"target\":{\"@type\":\"EntryPoint\",\"urlTemplate\":\"https:\\\/\\\/alsaprint.fr\\\/imprimerie\\\/?s={search_term_string}\"},\"query-input\":{\"@type\":\"PropertyValueSpecification\",\"valueRequired\":true,\"valueName\":\"search_term_string\"}}],\"inLanguage\":\"fr-FR\"},{\"@type\":\"Organization\",\"@id\":\"https:\\\/\\\/alsaprint.fr\\\/imprimerie\\\/#organization\",\"name\":\"Alsaprint.fr\",\"url\":\"https:\\\/\\\/alsaprint.fr\\\/imprimerie\\\/\",\"logo\":{\"@type\":\"ImageObject\",\"inLanguage\":\"fr-FR\",\"@id\":\"https:\\\/\\\/alsaprint.fr\\\/imprimerie\\\/#\\\/schema\\\/logo\\\/image\\\/\",\"url\":\"https:\\/\\/ml1ap7ge16lj.i.optimole.com\\/8vL0WF0.crSG~56220\\/w:453\\/h:131\\/q:auto\\/https:\\/\\/alsaprint.fr\\/imprimerie\\/wp-content\\/uploads\\/2020\\/04\\/LOGO-2020-noir.png\",\"contentUrl\":\"https:\\/\\/ml1ap7ge16lj.i.optimole.com\\/8vL0WF0.crSG~56220\\/w:453\\/h:131\\/q:auto\\/https:\\/\\/alsaprint.fr\\/imprimerie\\/wp-content\\/uploads\\/2020\\/04\\/LOGO-2020-noir.png\",\"width\":453,\"height\":131,\"caption\":\"Alsaprint.fr\"},\"image\":{\"@id\":\"https:\\\/\\\/alsaprint.fr\\\/imprimerie\\\/#\\\/schema\\\/logo\\\/image\\\/\"},\"sameAs\":[\"https:\\\/\\\/www.facebook.com\\\/alsaprint68\",\"https:\\\/\\\/www.linkedin.com\\\/company\\\/alsaprint\\\/\"]}]}<\/script>\n<!-- \/ Yoast SEO plugin. -->","yoast_head_json":{"title":"Cartes de visite - ALSAPRINT Imprimerie \u00e0 Mulhouse - Kingersheim","robots":{"index":"noindex","follow":"follow"},"og_locale":"fr_FR","og_type":"article","og_title":"Cartes de visite - ALSAPRINT Imprimerie \u00e0 Mulhouse - Kingersheim","og_description":"Prix public hors taxe, hors frais de conception graphique et de mise en page Malgr\u00e9 l&rsquo;av\u00e8nement du tout num\u00e9rique, ce [&hellip;]","og_url":"https:\/\/alsaprint.fr\/imprimerie\/cartes-de-visite\/","og_site_name":"ALSAPRINT Imprimerie \u00e0 Mulhouse - Kingersheim","article_publisher":"https:\/\/www.facebook.com\/alsaprint68","article_modified_time":"2023-04-28T09:26:01+00:00","og_image":[{"url":"https:\/\/ml1ap7ge16lj.i.optimole.com\/cb:crSG~56220\/w:auto\/h:auto\/q:mauto\/f:best\/https:\/\/alsaprint.fr\/imprimerie\/wp-content\/uploads\/2023\/04\/3-page-1-cartedevisite.jpg","type":"","width":"","height":""}],"twitter_card":"summary_large_image","twitter_misc":{"Dur\u00e9e de lecture estim\u00e9e":"6 minutes"},"schema":{"@context":"https:\/\/schema.org","@graph":[{"@type":"WebPage","@id":"https:\/\/alsaprint.fr\/imprimerie\/cartes-de-visite\/","url":"https:\/\/alsaprint.fr\/imprimerie\/cartes-de-visite\/","name":"Cartes de visite - ALSAPRINT Imprimerie \u00e0 Mulhouse - Kingersheim","isPartOf":{"@id":"https:\/\/alsaprint.fr\/imprimerie\/#website"},"primaryImageOfPage":{"@id":"https:\/\/alsaprint.fr\/imprimerie\/cartes-de-visite\/#primaryimage"},"image":{"@id":"https:\/\/alsaprint.fr\/imprimerie\/cartes-de-visite\/#primaryimage"},"thumbnailUrl":"https:\/\/ml1ap7ge16lj.i.optimole.com\/cb:crSG~56220\/w:auto\/h:auto\/q:mauto\/f:best\/https:\/\/alsaprint.fr\/imprimerie\/wp-content\/uploads\/2023\/04\/3-page-1-cartedevisite.jpg","datePublished":"2020-04-04T15:06:40+00:00","dateModified":"2023-04-28T09:26:01+00:00","breadcrumb":{"@id":"https:\/\/alsaprint.fr\/imprimerie\/cartes-de-visite\/#breadcrumb"},"inLanguage":"fr-FR","potentialAction":[{"@type":"ReadAction","target":["https:\/\/alsaprint.fr\/imprimerie\/cartes-de-visite\/"]}]},{"@type":"ImageObject","inLanguage":"fr-FR","@id":"https:\/\/alsaprint.fr\/imprimerie\/cartes-de-visite\/#primaryimage","url":"https:\/\/ml1ap7ge16lj.i.optimole.com\/cb:crSG~56220\/w:auto\/h:auto\/q:mauto\/f:best\/https:\/\/alsaprint.fr\/imprimerie\/wp-content\/uploads\/2023\/04\/3-page-1-cartedevisite.jpg","contentUrl":"https:\/\/ml1ap7ge16lj.i.optimole.com\/cb:crSG~56220\/w:auto\/h:auto\/q:mauto\/f:best\/https:\/\/alsaprint.fr\/imprimerie\/wp-content\/uploads\/2023\/04\/3-page-1-cartedevisite.jpg","width":601,"height":555,"caption":"IMPRIMERIE CARTE DE VISITE"},{"@type":"BreadcrumbList","@id":"https:\/\/alsaprint.fr\/imprimerie\/cartes-de-visite\/#breadcrumb","itemListElement":[{"@type":"ListItem","position":1,"name":"Accueil","item":"https:\/\/alsaprint.fr\/imprimerie\/"},{"@type":"ListItem","position":2,"name":"Cartes de visite"}]},{"@type":"WebSite","@id":"https:\/\/alsaprint.fr\/imprimerie\/#website","url":"https:\/\/alsaprint.fr\/imprimerie\/","name":"ALSAPRINT Imprimerie \u00e0 Kingersheim","description":"Impression tout support \u00e0 Mulhouse","publisher":{"@id":"https:\/\/alsaprint.fr\/imprimerie\/#organization"},"potentialAction":[{"@type":"SearchAction","target":{"@type":"EntryPoint","urlTemplate":"https:\/\/alsaprint.fr\/imprimerie\/?s={search_term_string}"},"query-input":{"@type":"PropertyValueSpecification","valueRequired":true,"valueName":"search_term_string"}}],"inLanguage":"fr-FR"},{"@type":"Organization","@id":"https:\/\/alsaprint.fr\/imprimerie\/#organization","name":"Alsaprint.fr","url":"https:\/\/alsaprint.fr\/imprimerie\/","logo":{"@type":"ImageObject","inLanguage":"fr-FR","@id":"https:\/\/alsaprint.fr\/imprimerie\/#\/schema\/logo\/image\/","url":"https:\/\/ml1ap7ge16lj.i.optimole.com\/8vL0WF0.crSG~56220\/w:453\/h:131\/q:auto\/https:\/\/alsaprint.fr\/imprimerie\/wp-content\/uploads\/2020\/04\/LOGO-2020-noir.png","contentUrl":"https:\/\/ml1ap7ge16lj.i.optimole.com\/8vL0WF0.crSG~56220\/w:453\/h:131\/q:auto\/https:\/\/alsaprint.fr\/imprimerie\/wp-content\/uploads\/2020\/04\/LOGO-2020-noir.png","width":453,"height":131,"caption":"Alsaprint.fr"},"image":{"@id":"https:\/\/alsaprint.fr\/imprimerie\/#\/schema\/logo\/image\/"},"sameAs":["https:\/\/www.facebook.com\/alsaprint68","https:\/\/www.linkedin.com\/company\/alsaprint\/"]}]}},"_links":{"self":[{"href":"https:\/\/alsaprint.fr\/imprimerie\/wp-json\/wp\/v2\/pages\/355","targetHints":{"allow":["GET"]}}],"collection":[{"href":"https:\/\/alsaprint.fr\/imprimerie\/wp-json\/wp\/v2\/pages"}],"about":[{"href":"https:\/\/alsaprint.fr\/imprimerie\/wp-json\/wp\/v2\/types\/page"}],"author":[{"embeddable":true,"href":"https:\/\/alsaprint.fr\/imprimerie\/wp-json\/wp\/v2\/users\/1"}],"replies":[{"embeddable":true,"href":"https:\/\/alsaprint.fr\/imprimerie\/wp-json\/wp\/v2\/comments?post=355"}],"version-history":[{"count":6,"href":"https:\/\/alsaprint.fr\/imprimerie\/wp-json\/wp\/v2\/pages\/355\/revisions"}],"predecessor-version":[{"id":1435,"href":"https:\/\/alsaprint.fr\/imprimerie\/wp-json\/wp\/v2\/pages\/355\/revisions\/1435"}],"wp:attachment":[{"href":"https:\/\/alsaprint.fr\/imprimerie\/wp-json\/wp\/v2\/media?parent=355"}],"curies":[{"name":"wp","href":"https:\/\/api.w.org\/{rel}","templated":true}]}}