{"id":338,"date":"2020-04-04T17:01:01","date_gmt":"2020-04-04T15:01:01","guid":{"rendered":"https:\/\/alsaprint.fr\/imprimerie\/?page_id=338"},"modified":"2020-06-04T20:49:51","modified_gmt":"2020-06-04T18:49:51","slug":"panneaux","status":"publish","type":"page","link":"https:\/\/alsaprint.fr\/imprimerie\/panneaux\/","title":{"rendered":"Panneaux"},"content":{"rendered":"\t\t<div data-elementor-type=\"wp-page\" data-elementor-id=\"338\" class=\"elementor elementor-338\">\n\t\t\t\t\t\t<section class=\"elementor-section elementor-top-section elementor-element elementor-element-9f29dc4 elementor-section-boxed elementor-section-height-default elementor-section-height-default\" data-id=\"9f29dc4\" data-element_type=\"section\" data-e-type=\"section\">\n\t\t\t\t\t\t<div class=\"elementor-container elementor-column-gap-default\">\n\t\t\t\t\t<div class=\"elementor-column elementor-col-100 elementor-top-column elementor-element elementor-element-f1073d0\" data-id=\"f1073d0\" data-element_type=\"column\" data-e-type=\"column\">\n\t\t\t<div class=\"elementor-widget-wrap elementor-element-populated\">\n\t\t\t\t\t\t<div class=\"elementor-element elementor-element-d9ddf96 elementor-widget elementor-widget-image\" data-id=\"d9ddf96\" data-element_type=\"widget\" data-e-type=\"widget\" data-widget_type=\"image.default\">\n\t\t\t\t<div class=\"elementor-widget-container\">\n\t\t\t\t\t\t\t\t\t\t\t\t\t\t\t<img data-opt-id=2088887374  fetchpriority=\"high\" decoding=\"async\" width=\"753\" height=\"1024\" src=\"https:\/\/ml1ap7ge16lj.i.optimole.com\/cb:crSG~56220\/w:753\/h:1024\/q:mauto\/f:best\/https:\/\/alsaprint.fr\/imprimerie\/wp-content\/uploads\/2020\/04\/panneaux.jpg\" class=\"attachment-large size-large wp-image-470\" alt=\"alsaprint-panneaux-alveolaires\" srcset=\"https:\/\/ml1ap7ge16lj.i.optimole.com\/cb:crSG~56220\/w:794\/h:1080\/q:mauto\/f:best\/https:\/\/alsaprint.fr\/imprimerie\/wp-content\/uploads\/2020\/04\/panneaux.jpg 802w, https:\/\/ml1ap7ge16lj.i.optimole.com\/cb:crSG~56220\/w:221\/h:300\/q:mauto\/f:best\/https:\/\/alsaprint.fr\/imprimerie\/wp-content\/uploads\/2020\/04\/panneaux.jpg 221w, https:\/\/ml1ap7ge16lj.i.optimole.com\/cb:crSG~56220\/w:753\/h:1024\/q:mauto\/f:best\/https:\/\/alsaprint.fr\/imprimerie\/wp-content\/uploads\/2020\/04\/panneaux.jpg 753w, https:\/\/ml1ap7ge16lj.i.optimole.com\/cb:crSG~56220\/w:768\/h:1044\/q:mauto\/f:best\/https:\/\/alsaprint.fr\/imprimerie\/wp-content\/uploads\/2020\/04\/panneaux.jpg 768w, https:\/\/ml1ap7ge16lj.i.optimole.com\/cb:crSG~56220\/w:720\/h:979\/q:mauto\/f:best\/https:\/\/alsaprint.fr\/imprimerie\/wp-content\/uploads\/2020\/04\/panneaux.jpg 720w\" sizes=\"(max-width: 753px) 100vw, 753px\" \/>\t\t\t\t\t\t\t\t\t\t\t\t\t\t\t<\/div>\n\t\t\t\t<\/div>\n\t\t\t\t<div class=\"elementor-element elementor-element-23bfa8f elementor-widget elementor-widget-text-editor\" data-id=\"23bfa8f\" data-element_type=\"widget\" data-e-type=\"widget\" data-widget_type=\"text-editor.default\">\n\t\t\t\t<div class=\"elementor-widget-container\">\n\t\t\t\t\t\t\t\t\t<p>Prix public hors taxe, hors frais de conception graphique et de mise en page<\/p>\t\t\t\t\t\t\t\t<\/div>\n\t\t\t\t<\/div>\n\t\t\t\t<div class=\"elementor-element elementor-element-c1bcb82 elementor-widget elementor-widget-spacer\" data-id=\"c1bcb82\" data-element_type=\"widget\" data-e-type=\"widget\" data-widget_type=\"spacer.default\">\n\t\t\t\t<div class=\"elementor-widget-container\">\n\t\t\t\t\t\t\t<div class=\"elementor-spacer\">\n\t\t\t<div class=\"elementor-spacer-inner\"><\/div>\n\t\t<\/div>\n\t\t\t\t\t\t<\/div>\n\t\t\t\t<\/div>\n\t\t\t\t<div class=\"elementor-element elementor-element-5947b90 elementor-widget elementor-widget-heading\" data-id=\"5947b90\" data-element_type=\"widget\" data-e-type=\"widget\" data-widget_type=\"heading.default\">\n\t\t\t\t<div class=\"elementor-widget-container\">\n\t\t\t\t\t<h2 class=\"elementor-heading-title elementor-size-medium\"> Contrecollage d'un adh\u00e9sif imprim\u00e9 sur un panneau en DIBOND\u2122<\/h2>\t\t\t\t<\/div>\n\t\t\t\t<\/div>\n\t\t\t\t<div class=\"elementor-element elementor-element-a19f3c7 elementor-widget elementor-widget-video\" data-id=\"a19f3c7\" data-element_type=\"widget\" data-e-type=\"widget\" data-settings=\"{&quot;youtube_url&quot;:&quot;https:\\\/\\\/youtu.be\\\/fDHvhFqoWW0&quot;,&quot;video_type&quot;:&quot;youtube&quot;,&quot;controls&quot;:&quot;yes&quot;}\" data-widget_type=\"video.default\">\n\t\t\t\t<div class=\"elementor-widget-container\">\n\t\t\t\t\t\t\t<div class=\"elementor-wrapper elementor-open-inline\">\n\t\t\t<div class=\"elementor-video\"><\/div>\t\t<\/div>\n\t\t\t\t\t\t<\/div>\n\t\t\t\t<\/div>\n\t\t\t\t<div class=\"elementor-element elementor-element-aed9cca elementor-widget elementor-widget-spacer\" data-id=\"aed9cca\" data-element_type=\"widget\" data-e-type=\"widget\" data-widget_type=\"spacer.default\">\n\t\t\t\t<div class=\"elementor-widget-container\">\n\t\t\t\t\t\t\t<div class=\"elementor-spacer\">\n\t\t\t<div class=\"elementor-spacer-inner\"><\/div>\n\t\t<\/div>\n\t\t\t\t\t\t<\/div>\n\t\t\t\t<\/div>\n\t\t\t\t<div class=\"elementor-element elementor-element-fd461fe elementor-widget elementor-widget-heading\" data-id=\"fd461fe\" data-element_type=\"widget\" data-e-type=\"widget\" data-widget_type=\"heading.default\">\n\t\t\t\t<div class=\"elementor-widget-container\">\n\t\t\t\t\t<h2 class=\"elementor-heading-title elementor-size-medium\">Impression directe sur un panneau AKYLUX\u2122<\/h2>\t\t\t\t<\/div>\n\t\t\t\t<\/div>\n\t\t\t\t<div class=\"elementor-element elementor-element-71fb4a4 elementor-widget elementor-widget-video\" data-id=\"71fb4a4\" data-element_type=\"widget\" data-e-type=\"widget\" data-settings=\"{&quot;youtube_url&quot;:&quot;https:\\\/\\\/youtu.be\\\/CEV-KcGG8II&quot;,&quot;video_type&quot;:&quot;youtube&quot;,&quot;controls&quot;:&quot;yes&quot;}\" data-widget_type=\"video.default\">\n\t\t\t\t<div class=\"elementor-widget-container\">\n\t\t\t\t\t\t\t<div class=\"elementor-wrapper elementor-open-inline\">\n\t\t\t<div class=\"elementor-video\"><\/div>\t\t<\/div>\n\t\t\t\t\t\t<\/div>\n\t\t\t\t<\/div>\n\t\t\t\t\t<\/div>\n\t\t<\/div>\n\t\t\t\t\t<\/div>\n\t\t<\/section>\n\t\t\t\t<section class=\"elementor-section elementor-top-section elementor-element elementor-element-b92c5a6 elementor-section-boxed elementor-section-height-default elementor-section-height-default\" data-id=\"b92c5a6\" data-element_type=\"section\" data-e-type=\"section\">\n\t\t\t\t\t\t<div class=\"elementor-container elementor-column-gap-default\">\n\t\t\t\t\t<div class=\"elementor-column elementor-col-100 elementor-top-column elementor-element elementor-element-a28f9cd\" data-id=\"a28f9cd\" data-element_type=\"column\" data-e-type=\"column\">\n\t\t\t<div class=\"elementor-widget-wrap elementor-element-populated\">\n\t\t\t\t\t\t<div class=\"elementor-element elementor-element-9c6f6a1 elementor-widget elementor-widget-spacer\" data-id=\"9c6f6a1\" data-element_type=\"widget\" data-e-type=\"widget\" data-widget_type=\"spacer.default\">\n\t\t\t\t<div class=\"elementor-widget-container\">\n\t\t\t\t\t\t\t<div class=\"elementor-spacer\">\n\t\t\t<div class=\"elementor-spacer-inner\"><\/div>\n\t\t<\/div>\n\t\t\t\t\t\t<\/div>\n\t\t\t\t<\/div>\n\t\t\t\t<div class=\"elementor-element elementor-element-34f9885 elementor-widget elementor-widget-text-editor\" data-id=\"34f9885\" data-element_type=\"widget\" data-e-type=\"widget\" data-widget_type=\"text-editor.default\">\n\t\t\t\t<div class=\"elementor-widget-container\">\n\t\t\t\t\t\t\t\t\t<p style=\"box-sizing: inherit; margin-right: 0px; margin-bottom: 1.3rem; margin-left: 0px; color: #666666; font-family: Amiko; text-align: justify;\"><strong style=\"box-sizing: inherit; font-weight: bold;\"><span style=\"box-sizing: inherit; font-size: 14pt; line-height: 21.4667px;\">Panneau rigide dibond<\/span><\/strong><\/p><p style=\"box-sizing: inherit; margin-right: 0px; margin-bottom: 1.3rem; margin-left: 0px; color: #666666; font-family: Amiko; text-align: justify;\"><span style=\"box-sizing: inherit; font-family: arial, helvetica, sans-serif; font-size: 12pt;\">Le panneau dibond est constitu\u00e9 de deux t\u00f4les de parement aluminium de 0,3mm chacune recouvertes d\u2019un film de protection, et d\u2019un noyau en poly\u00e9thyl\u00e8ne. Les faces avant et arri\u00e8re sont thermo-laqu\u00e9es en blanc ou en couleurs, en mat, en brillant, structur\u00e9es, bross\u00e9es ou anodis\u00e9es.<\/span><\/p><p style=\"box-sizing: inherit; margin-right: 0px; margin-bottom: 1.3rem; margin-left: 0px; color: #666666; font-family: Amiko; line-height: normal; text-align: justify;\"><span style=\"box-sizing: inherit; font-family: arial, helvetica, sans-serif; font-size: 12pt;\">Le panneau dibond est extr\u00eamement rigide, il r\u00e9siste aux temp\u00e9ratures, stable et id\u00e9al pour des applications int\u00e9rieures et ext\u00e9rieures. Il resiste aux UV et garantis une tenue dans les temps avec aucune d\u00e9formation du panneau puisque qu\u2019il poss\u00e8de une faible conduction thermique.<\/span><\/p><p style=\"box-sizing: inherit; margin-right: 0px; margin-bottom: 1.3rem; margin-left: 0px; color: #666666; font-family: Amiko; line-height: normal; text-align: justify;\"><span style=\"box-sizing: inherit; font-family: arial, helvetica, sans-serif; font-size: 12pt;\">Gr\u00e2ce \u00e0 ses qualit\u00e9s, il permet d\u2019\u00eatre leader dans les techniques publicitaires et de signalisations, les bandeaux de fa\u00e7ades ext\u00e9rieurs et les am\u00e9nagements de magasin en int\u00e9rieur.<\/span><\/p><p style=\"box-sizing: inherit; margin-right: 0px; margin-bottom: 1.3rem; margin-left: 0px; color: #666666; font-family: Amiko; line-height: normal; text-align: justify;\"><strong style=\"box-sizing: inherit; font-weight: bold;\"><span style=\"box-sizing: inherit; font-size: 14pt;\">Le panneau Akilux<\/span><\/strong><\/p><p style=\"box-sizing: inherit; margin-right: 0px; margin-bottom: 1.3rem; margin-left: 0px; color: #666666; font-family: Amiko; text-align: justify;\"><span style=\"box-sizing: inherit; font-family: arial, helvetica, sans-serif; font-size: 12pt;\">Le panneau Akilux est compos\u00e9 de plaque alv\u00e9olaire en polypropyl\u00e8ne, les panneaux PVC Akilux s&rsquo;utilise pour les op\u00e9rations temporaires. Leur \u00e9paisseur et leur structure PVC alv\u00e9olaire leur conf\u00e8re une excellente dur\u00e9e de vie.<\/span><br style=\"box-sizing: inherit;\" \/><br style=\"box-sizing: inherit;\" \/><span style=\"box-sizing: inherit; font-family: arial, helvetica, sans-serif; font-size: 12pt;\">Les panneaux Akilux sont tr\u00e8s fr\u00e9quemment utilis\u00e9s dans la signal\u00e9tique ext\u00e9rieure. . En effet, sa composition plastique alv\u00e9olaire en fait un mat\u00e9riau tr\u00e8s robuste, l\u00e9ger et peu couteux. Id\u00e9al pour annoncer un chantier, une maison \u00e0 vendre ou \u00e0 louer, un d\u00e9m\u00e9nagement, un changement de propri\u00e9taire, une foire-exposition, un \u00e9v\u00e9nement sportif etc.<\/span><\/p>\t\t\t\t\t\t\t\t<\/div>\n\t\t\t\t<\/div>\n\t\t\t\t\t<\/div>\n\t\t<\/div>\n\t\t\t\t\t<\/div>\n\t\t<\/section>\n\t\t\t\t<\/div>\n\t\t","protected":false},"excerpt":{"rendered":"<p>Prix public hors taxe, hors frais de conception graphique et de mise en page Contrecollage d&rsquo;un adh\u00e9sif imprim\u00e9 sur un [&hellip;]<\/p>\n","protected":false},"author":1,"featured_media":0,"parent":0,"menu_order":0,"comment_status":"closed","ping_status":"closed","template":"","meta":{"_acf_changed":false,"footnotes":""},"class_list":["post-338","page","type-page","status-publish","hentry"],"acf":[],"yoast_head":"<!-- This site is optimized with the Yoast SEO plugin v27.3 - https:\/\/yoast.com\/product\/yoast-seo-wordpress\/ -->\n<title>Panneaux - ALSAPRINT Imprimerie \u00e0 Mulhouse - Kingersheim<\/title>\n<meta name=\"robots\" content=\"noindex, follow\" \/>\n<meta property=\"og:locale\" content=\"fr_FR\" \/>\n<meta property=\"og:type\" content=\"article\" \/>\n<meta property=\"og:title\" content=\"Panneaux - ALSAPRINT Imprimerie \u00e0 Mulhouse - Kingersheim\" \/>\n<meta property=\"og:description\" content=\"Prix public hors taxe, hors frais de conception graphique et de mise en page Contrecollage d&rsquo;un adh\u00e9sif imprim\u00e9 sur un [&hellip;]\" \/>\n<meta property=\"og:url\" content=\"https:\/\/alsaprint.fr\/imprimerie\/panneaux\/\" \/>\n<meta property=\"og:site_name\" content=\"ALSAPRINT Imprimerie \u00e0 Mulhouse - Kingersheim\" \/>\n<meta property=\"article:publisher\" content=\"https:\/\/www.facebook.com\/alsaprint68\" \/>\n<meta property=\"article:modified_time\" content=\"2020-06-04T18:49:51+00:00\" \/>\n<meta property=\"og:image\" content=\"https:\/\/ml1ap7ge16lj.i.optimole.com\/cb:crSG~56220\/w:753\/h:1024\/q:mauto\/f:best\/https:\/\/alsaprint.fr\/imprimerie\/wp-content\/uploads\/2020\/04\/panneaux.jpg\" \/>\n<meta name=\"twitter:card\" content=\"summary_large_image\" \/>\n<meta name=\"twitter:label1\" content=\"Dur\u00e9e de lecture estim\u00e9e\" \/>\n\t<meta name=\"twitter:data1\" content=\"1 minute\" \/>\n<script type=\"application\/ld+json\" class=\"yoast-schema-graph\">{\"@context\":\"https:\\\/\\\/schema.org\",\"@graph\":[{\"@type\":\"WebPage\",\"@id\":\"https:\\\/\\\/alsaprint.fr\\\/imprimerie\\\/panneaux\\\/\",\"url\":\"https:\\\/\\\/alsaprint.fr\\\/imprimerie\\\/panneaux\\\/\",\"name\":\"Panneaux - ALSAPRINT Imprimerie \u00e0 Mulhouse - Kingersheim\",\"isPartOf\":{\"@id\":\"https:\\\/\\\/alsaprint.fr\\\/imprimerie\\\/#website\"},\"primaryImageOfPage\":{\"@id\":\"https:\\\/\\\/alsaprint.fr\\\/imprimerie\\\/panneaux\\\/#primaryimage\"},\"image\":{\"@id\":\"https:\\\/\\\/alsaprint.fr\\\/imprimerie\\\/panneaux\\\/#primaryimage\"},\"thumbnailUrl\":\"https:\\/\\/alsaprint.fr\\/imprimerie\\/wp-content\\/uploads\\/2020\\/04\\/panneaux-753x1024.jpg\",\"datePublished\":\"2020-04-04T15:01:01+00:00\",\"dateModified\":\"2020-06-04T18:49:51+00:00\",\"breadcrumb\":{\"@id\":\"https:\\\/\\\/alsaprint.fr\\\/imprimerie\\\/panneaux\\\/#breadcrumb\"},\"inLanguage\":\"fr-FR\",\"potentialAction\":[{\"@type\":\"ReadAction\",\"target\":[\"https:\\\/\\\/alsaprint.fr\\\/imprimerie\\\/panneaux\\\/\"]}]},{\"@type\":\"ImageObject\",\"inLanguage\":\"fr-FR\",\"@id\":\"https:\\\/\\\/alsaprint.fr\\\/imprimerie\\\/panneaux\\\/#primaryimage\",\"url\":\"https:\\/\\/alsaprint.fr\\/imprimerie\\/wp-content\\/uploads\\/2020\\/04\\/panneaux.jpg\",\"contentUrl\":\"https:\\/\\/alsaprint.fr\\/imprimerie\\/wp-content\\/uploads\\/2020\\/04\\/panneaux.jpg\",\"width\":802,\"height\":1090,\"caption\":\"alsaprint-panneaux-alveolaires\"},{\"@type\":\"BreadcrumbList\",\"@id\":\"https:\\\/\\\/alsaprint.fr\\\/imprimerie\\\/panneaux\\\/#breadcrumb\",\"itemListElement\":[{\"@type\":\"ListItem\",\"position\":1,\"name\":\"Accueil\",\"item\":\"https:\\\/\\\/alsaprint.fr\\\/imprimerie\\\/\"},{\"@type\":\"ListItem\",\"position\":2,\"name\":\"Panneaux\"}]},{\"@type\":\"WebSite\",\"@id\":\"https:\\\/\\\/alsaprint.fr\\\/imprimerie\\\/#website\",\"url\":\"https:\\\/\\\/alsaprint.fr\\\/imprimerie\\\/\",\"name\":\"ALSAPRINT Imprimerie \u00e0 Kingersheim\",\"description\":\"Impression tout support \u00e0 Mulhouse\",\"publisher\":{\"@id\":\"https:\\\/\\\/alsaprint.fr\\\/imprimerie\\\/#organization\"},\"potentialAction\":[{\"@type\":\"SearchAction\",\"target\":{\"@type\":\"EntryPoint\",\"urlTemplate\":\"https:\\\/\\\/alsaprint.fr\\\/imprimerie\\\/?s={search_term_string}\"},\"query-input\":{\"@type\":\"PropertyValueSpecification\",\"valueRequired\":true,\"valueName\":\"search_term_string\"}}],\"inLanguage\":\"fr-FR\"},{\"@type\":\"Organization\",\"@id\":\"https:\\\/\\\/alsaprint.fr\\\/imprimerie\\\/#organization\",\"name\":\"Alsaprint.fr\",\"url\":\"https:\\\/\\\/alsaprint.fr\\\/imprimerie\\\/\",\"logo\":{\"@type\":\"ImageObject\",\"inLanguage\":\"fr-FR\",\"@id\":\"https:\\\/\\\/alsaprint.fr\\\/imprimerie\\\/#\\\/schema\\\/logo\\\/image\\\/\",\"url\":\"https:\\/\\/ml1ap7ge16lj.i.optimole.com\\/8vL0WF0.crSG~56220\\/w:453\\/h:131\\/q:auto\\/https:\\/\\/alsaprint.fr\\/imprimerie\\/wp-content\\/uploads\\/2020\\/04\\/LOGO-2020-noir.png\",\"contentUrl\":\"https:\\/\\/ml1ap7ge16lj.i.optimole.com\\/8vL0WF0.crSG~56220\\/w:453\\/h:131\\/q:auto\\/https:\\/\\/alsaprint.fr\\/imprimerie\\/wp-content\\/uploads\\/2020\\/04\\/LOGO-2020-noir.png\",\"width\":453,\"height\":131,\"caption\":\"Alsaprint.fr\"},\"image\":{\"@id\":\"https:\\\/\\\/alsaprint.fr\\\/imprimerie\\\/#\\\/schema\\\/logo\\\/image\\\/\"},\"sameAs\":[\"https:\\\/\\\/www.facebook.com\\\/alsaprint68\",\"https:\\\/\\\/www.linkedin.com\\\/company\\\/alsaprint\\\/\"]}]}<\/script>\n<!-- \/ Yoast SEO plugin. -->","yoast_head_json":{"title":"Panneaux - ALSAPRINT Imprimerie \u00e0 Mulhouse - Kingersheim","robots":{"index":"noindex","follow":"follow"},"og_locale":"fr_FR","og_type":"article","og_title":"Panneaux - ALSAPRINT Imprimerie \u00e0 Mulhouse - Kingersheim","og_description":"Prix public hors taxe, hors frais de conception graphique et de mise en page Contrecollage d&rsquo;un adh\u00e9sif imprim\u00e9 sur un [&hellip;]","og_url":"https:\/\/alsaprint.fr\/imprimerie\/panneaux\/","og_site_name":"ALSAPRINT Imprimerie \u00e0 Mulhouse - Kingersheim","article_publisher":"https:\/\/www.facebook.com\/alsaprint68","article_modified_time":"2020-06-04T18:49:51+00:00","og_image":[{"url":"https:\/\/ml1ap7ge16lj.i.optimole.com\/cb:crSG~56220\/w:753\/h:1024\/q:mauto\/f:best\/https:\/\/alsaprint.fr\/imprimerie\/wp-content\/uploads\/2020\/04\/panneaux.jpg","type":"","width":"","height":""}],"twitter_card":"summary_large_image","twitter_misc":{"Dur\u00e9e de lecture estim\u00e9e":"1 minute"},"schema":{"@context":"https:\/\/schema.org","@graph":[{"@type":"WebPage","@id":"https:\/\/alsaprint.fr\/imprimerie\/panneaux\/","url":"https:\/\/alsaprint.fr\/imprimerie\/panneaux\/","name":"Panneaux - ALSAPRINT Imprimerie \u00e0 Mulhouse - Kingersheim","isPartOf":{"@id":"https:\/\/alsaprint.fr\/imprimerie\/#website"},"primaryImageOfPage":{"@id":"https:\/\/alsaprint.fr\/imprimerie\/panneaux\/#primaryimage"},"image":{"@id":"https:\/\/alsaprint.fr\/imprimerie\/panneaux\/#primaryimage"},"thumbnailUrl":"https:\/\/ml1ap7ge16lj.i.optimole.com\/cb:crSG~56220\/w:753\/h:1024\/q:mauto\/f:best\/https:\/\/alsaprint.fr\/imprimerie\/wp-content\/uploads\/2020\/04\/panneaux.jpg","datePublished":"2020-04-04T15:01:01+00:00","dateModified":"2020-06-04T18:49:51+00:00","breadcrumb":{"@id":"https:\/\/alsaprint.fr\/imprimerie\/panneaux\/#breadcrumb"},"inLanguage":"fr-FR","potentialAction":[{"@type":"ReadAction","target":["https:\/\/alsaprint.fr\/imprimerie\/panneaux\/"]}]},{"@type":"ImageObject","inLanguage":"fr-FR","@id":"https:\/\/alsaprint.fr\/imprimerie\/panneaux\/#primaryimage","url":"https:\/\/ml1ap7ge16lj.i.optimole.com\/cb:crSG~56220\/w:auto\/h:auto\/q:mauto\/f:best\/https:\/\/alsaprint.fr\/imprimerie\/wp-content\/uploads\/2020\/04\/panneaux.jpg","contentUrl":"https:\/\/ml1ap7ge16lj.i.optimole.com\/cb:crSG~56220\/w:auto\/h:auto\/q:mauto\/f:best\/https:\/\/alsaprint.fr\/imprimerie\/wp-content\/uploads\/2020\/04\/panneaux.jpg","width":802,"height":1090,"caption":"alsaprint-panneaux-alveolaires"},{"@type":"BreadcrumbList","@id":"https:\/\/alsaprint.fr\/imprimerie\/panneaux\/#breadcrumb","itemListElement":[{"@type":"ListItem","position":1,"name":"Accueil","item":"https:\/\/alsaprint.fr\/imprimerie\/"},{"@type":"ListItem","position":2,"name":"Panneaux"}]},{"@type":"WebSite","@id":"https:\/\/alsaprint.fr\/imprimerie\/#website","url":"https:\/\/alsaprint.fr\/imprimerie\/","name":"ALSAPRINT Imprimerie \u00e0 Kingersheim","description":"Impression tout support \u00e0 Mulhouse","publisher":{"@id":"https:\/\/alsaprint.fr\/imprimerie\/#organization"},"potentialAction":[{"@type":"SearchAction","target":{"@type":"EntryPoint","urlTemplate":"https:\/\/alsaprint.fr\/imprimerie\/?s={search_term_string}"},"query-input":{"@type":"PropertyValueSpecification","valueRequired":true,"valueName":"search_term_string"}}],"inLanguage":"fr-FR"},{"@type":"Organization","@id":"https:\/\/alsaprint.fr\/imprimerie\/#organization","name":"Alsaprint.fr","url":"https:\/\/alsaprint.fr\/imprimerie\/","logo":{"@type":"ImageObject","inLanguage":"fr-FR","@id":"https:\/\/alsaprint.fr\/imprimerie\/#\/schema\/logo\/image\/","url":"https:\/\/ml1ap7ge16lj.i.optimole.com\/8vL0WF0.crSG~56220\/w:453\/h:131\/q:auto\/https:\/\/alsaprint.fr\/imprimerie\/wp-content\/uploads\/2020\/04\/LOGO-2020-noir.png","contentUrl":"https:\/\/ml1ap7ge16lj.i.optimole.com\/8vL0WF0.crSG~56220\/w:453\/h:131\/q:auto\/https:\/\/alsaprint.fr\/imprimerie\/wp-content\/uploads\/2020\/04\/LOGO-2020-noir.png","width":453,"height":131,"caption":"Alsaprint.fr"},"image":{"@id":"https:\/\/alsaprint.fr\/imprimerie\/#\/schema\/logo\/image\/"},"sameAs":["https:\/\/www.facebook.com\/alsaprint68","https:\/\/www.linkedin.com\/company\/alsaprint\/"]}]}},"_links":{"self":[{"href":"https:\/\/alsaprint.fr\/imprimerie\/wp-json\/wp\/v2\/pages\/338","targetHints":{"allow":["GET"]}}],"collection":[{"href":"https:\/\/alsaprint.fr\/imprimerie\/wp-json\/wp\/v2\/pages"}],"about":[{"href":"https:\/\/alsaprint.fr\/imprimerie\/wp-json\/wp\/v2\/types\/page"}],"author":[{"embeddable":true,"href":"https:\/\/alsaprint.fr\/imprimerie\/wp-json\/wp\/v2\/users\/1"}],"replies":[{"embeddable":true,"href":"https:\/\/alsaprint.fr\/imprimerie\/wp-json\/wp\/v2\/comments?post=338"}],"version-history":[{"count":3,"href":"https:\/\/alsaprint.fr\/imprimerie\/wp-json\/wp\/v2\/pages\/338\/revisions"}],"predecessor-version":[{"id":890,"href":"https:\/\/alsaprint.fr\/imprimerie\/wp-json\/wp\/v2\/pages\/338\/revisions\/890"}],"wp:attachment":[{"href":"https:\/\/alsaprint.fr\/imprimerie\/wp-json\/wp\/v2\/media?parent=338"}],"curies":[{"name":"wp","href":"https:\/\/api.w.org\/{rel}","templated":true}]}}