{"id":144,"date":"2018-08-07T10:50:47","date_gmt":"2018-08-07T10:50:47","guid":{"rendered":"http:\/\/demo.athemes.com\/atu-agency\/?page_id=144"},"modified":"2026-01-13T09:40:20","modified_gmt":"2026-01-13T08:40:20","slug":"contact","status":"publish","type":"page","link":"https:\/\/alsaprint.fr\/imprimerie\/contact\/","title":{"rendered":"Contact"},"content":{"rendered":"\t\t<div data-elementor-type=\"wp-post\" data-elementor-id=\"144\" class=\"elementor elementor-144\">\n\t\t\t\t\t\t<section class=\"elementor-section elementor-top-section elementor-element elementor-element-628092d elementor-section-full_width contact-page-map elementor-section-height-default elementor-section-height-default\" data-id=\"628092d\" data-element_type=\"section\" data-e-type=\"section\">\n\t\t\t\t\t\t<div class=\"elementor-container elementor-column-gap-default\">\n\t\t\t\t\t<div class=\"elementor-column elementor-col-100 elementor-top-column elementor-element elementor-element-5c6a1d86\" data-id=\"5c6a1d86\" data-element_type=\"column\" data-e-type=\"column\">\n\t\t\t<div class=\"elementor-widget-wrap elementor-element-populated\">\n\t\t\t\t\t\t<div class=\"elementor-element elementor-element-347e149c elementor-widget elementor-widget-google_maps\" data-id=\"347e149c\" data-element_type=\"widget\" data-e-type=\"widget\" data-widget_type=\"google_maps.default\">\n\t\t\t\t<div class=\"elementor-widget-container\">\n\t\t\t\t\t\t\t<div class=\"elementor-custom-embed\">\n\t\t\t<iframe loading=\"lazy\"\n\t\t\t\t\tsrc=\"https:\/\/maps.google.com\/maps?q=4%20rue%20du%20Burlat%20KINGERSHEIM&#038;t=m&#038;z=16&#038;output=embed&#038;iwloc=near\"\n\t\t\t\t\ttitle=\"4 rue du Burlat KINGERSHEIM\"\n\t\t\t\t\taria-label=\"4 rue du Burlat KINGERSHEIM\"\n\t\t\t><\/iframe>\n\t\t<\/div>\n\t\t\t\t\t\t<\/div>\n\t\t\t\t<\/div>\n\t\t\t\t\t<\/div>\n\t\t<\/div>\n\t\t\t\t\t<\/div>\n\t\t<\/section>\n\t\t\t\t<section class=\"elementor-section elementor-top-section elementor-element elementor-element-6352347f elementor-section-boxed elementor-section-height-default elementor-section-height-default\" data-id=\"6352347f\" data-element_type=\"section\" data-e-type=\"section\">\n\t\t\t\t\t\t<div class=\"elementor-container elementor-column-gap-wider\">\n\t\t\t\t\t<div class=\"elementor-column elementor-col-100 elementor-top-column elementor-element elementor-element-54047305\" data-id=\"54047305\" data-element_type=\"column\" data-e-type=\"column\">\n\t\t\t<div class=\"elementor-widget-wrap elementor-element-populated\">\n\t\t\t\t\t\t<div class=\"elementor-element elementor-element-3b109a3f elementor-widget elementor-widget-heading\" data-id=\"3b109a3f\" data-element_type=\"widget\" data-e-type=\"widget\" data-widget_type=\"heading.default\">\n\t\t\t\t<div class=\"elementor-widget-container\">\n\t\t\t\t\t<h2 class=\"elementor-heading-title elementor-size-default\">Contact<\/h2>\t\t\t\t<\/div>\n\t\t\t\t<\/div>\n\t\t\t\t<div class=\"elementor-element elementor-element-0882676 elementor-widget elementor-widget-heading\" data-id=\"0882676\" data-element_type=\"widget\" data-e-type=\"widget\" data-widget_type=\"heading.default\">\n\t\t\t\t<div class=\"elementor-widget-container\">\n\t\t\t\t\t<h5 class=\"elementor-heading-title elementor-size-default\">Adresse<\/h5>\t\t\t\t<\/div>\n\t\t\t\t<\/div>\n\t\t\t\t<div class=\"elementor-element elementor-element-49c39f0 elementor-widget elementor-widget-text-editor\" data-id=\"49c39f0\" data-element_type=\"widget\" data-e-type=\"widget\" data-widget_type=\"text-editor.default\">\n\t\t\t\t<div class=\"elementor-widget-container\">\n\t\t\t\t\t\t\t\t\t<p style=\"text-align: center;\">ALSAPRINT<\/p><p style=\"text-align: center;\">4 rue du Burlat<\/p><p style=\"text-align: center;\">68260 KINGERSHEIM<\/p>\t\t\t\t\t\t\t\t<\/div>\n\t\t\t\t<\/div>\n\t\t\t\t<div class=\"elementor-element elementor-element-d9031c1 elementor-widget elementor-widget-heading\" data-id=\"d9031c1\" data-element_type=\"widget\" data-e-type=\"widget\" data-widget_type=\"heading.default\">\n\t\t\t\t<div class=\"elementor-widget-container\">\n\t\t\t\t\t<h5 class=\"elementor-heading-title elementor-size-default\">Mail<\/h5>\t\t\t\t<\/div>\n\t\t\t\t<\/div>\n\t\t\t\t<div class=\"elementor-element elementor-element-56b71c4 elementor-widget elementor-widget-text-editor\" data-id=\"56b71c4\" data-element_type=\"widget\" data-e-type=\"widget\" data-widget_type=\"text-editor.default\">\n\t\t\t\t<div class=\"elementor-widget-container\">\n\t\t\t\t\t\t\t\t\t<p style=\"text-align: center;\"><a href=\"mailto:info@alsaprint.fr\"> info@alsaprint.fr<\/a><\/p><p style=\"text-align: center;\"><img fetchpriority=\"high\" decoding=\"async\" decoding=async data-opt-id=1324397449  class=\"alignnone size-medium wp-image-1622\" src=\"https:\/\/ml1ap7ge16lj.i.optimole.com\/cb:crSG~56220\/w:300\/h:200\/q:mauto\/f:best\/https:\/\/alsaprint.fr\/imprimerie\/wp-content\/uploads\/2025\/04\/MAIL-alsaprint.png\" alt=\"\" width=\"300\" height=\"200\" srcset=\"https:\/\/ml1ap7ge16lj.i.optimole.com\/cb:crSG~56220\/w:1536\/h:1024\/q:mauto\/f:best\/https:\/\/alsaprint.fr\/imprimerie\/wp-content\/uploads\/2025\/04\/MAIL-alsaprint.png 1536w, https:\/\/ml1ap7ge16lj.i.optimole.com\/cb:crSG~56220\/w:300\/h:200\/q:mauto\/f:best\/https:\/\/alsaprint.fr\/imprimerie\/wp-content\/uploads\/2025\/04\/MAIL-alsaprint.png 300w, https:\/\/ml1ap7ge16lj.i.optimole.com\/cb:crSG~56220\/w:1024\/h:683\/q:mauto\/f:best\/https:\/\/alsaprint.fr\/imprimerie\/wp-content\/uploads\/2025\/04\/MAIL-alsaprint.png 1024w, https:\/\/ml1ap7ge16lj.i.optimole.com\/cb:crSG~56220\/w:768\/h:512\/q:mauto\/f:best\/https:\/\/alsaprint.fr\/imprimerie\/wp-content\/uploads\/2025\/04\/MAIL-alsaprint.png 768w, https:\/\/ml1ap7ge16lj.i.optimole.com\/cb:crSG~56220\/w:720\/h:480\/q:mauto\/f:best\/https:\/\/alsaprint.fr\/imprimerie\/wp-content\/uploads\/2025\/04\/MAIL-alsaprint.png 720w\" sizes=\"(max-width: 300px) 100vw, 300px\" \/><\/p>\t\t\t\t\t\t\t\t<\/div>\n\t\t\t\t<\/div>\n\t\t\t\t<div class=\"elementor-element elementor-element-3055b98 elementor-widget elementor-widget-heading\" data-id=\"3055b98\" data-element_type=\"widget\" data-e-type=\"widget\" data-widget_type=\"heading.default\">\n\t\t\t\t<div class=\"elementor-widget-container\">\n\t\t\t\t\t<h5 class=\"elementor-heading-title elementor-size-default\">T\u00e9l\u00e9phone<\/h5>\t\t\t\t<\/div>\n\t\t\t\t<\/div>\n\t\t\t\t<div class=\"elementor-element elementor-element-7bb71d3 elementor-widget elementor-widget-text-editor\" data-id=\"7bb71d3\" data-element_type=\"widget\" data-e-type=\"widget\" data-widget_type=\"text-editor.default\">\n\t\t\t\t<div class=\"elementor-widget-container\">\n\t\t\t\t\t\t\t\t\t<p style=\"text-align: center;\"><code class=\"xml plain\"><\/code><a href=\"tel:0389570821\">03 89 52 58 86<\/a><img decoding=\"async\" decoding=async data-opt-id=678784272  class=\"alignnone size-medium wp-image-1597 aligncenter\" src=\"https:\/\/ml1ap7ge16lj.i.optimole.com\/cb:crSG~56220\/w:200\/h:300\/q:mauto\/f:best\/https:\/\/alsaprint.fr\/imprimerie\/wp-content\/uploads\/2025\/04\/ALSAPRINT-CONTACT.png\" alt=\"\" width=\"200\" height=\"300\" srcset=\"https:\/\/ml1ap7ge16lj.i.optimole.com\/cb:crSG~56220\/w:720\/h:1080\/q:mauto\/f:best\/https:\/\/alsaprint.fr\/imprimerie\/wp-content\/uploads\/2025\/04\/ALSAPRINT-CONTACT.png 1024w, https:\/\/ml1ap7ge16lj.i.optimole.com\/cb:crSG~56220\/w:200\/h:300\/q:mauto\/f:best\/https:\/\/alsaprint.fr\/imprimerie\/wp-content\/uploads\/2025\/04\/ALSAPRINT-CONTACT.png 200w, https:\/\/ml1ap7ge16lj.i.optimole.com\/cb:crSG~56220\/w:683\/h:1024\/q:mauto\/f:best\/https:\/\/alsaprint.fr\/imprimerie\/wp-content\/uploads\/2025\/04\/ALSAPRINT-CONTACT.png 683w, https:\/\/ml1ap7ge16lj.i.optimole.com\/cb:crSG~56220\/w:720\/h:1080\/q:mauto\/f:best\/https:\/\/alsaprint.fr\/imprimerie\/wp-content\/uploads\/2025\/04\/ALSAPRINT-CONTACT.png 768w, https:\/\/ml1ap7ge16lj.i.optimole.com\/cb:crSG~56220\/w:720\/h:1080\/q:mauto\/f:best\/https:\/\/alsaprint.fr\/imprimerie\/wp-content\/uploads\/2025\/04\/ALSAPRINT-CONTACT.png 720w\" sizes=\"(max-width: 200px) 100vw, 200px\" \/><\/p>\t\t\t\t\t\t\t\t<\/div>\n\t\t\t\t<\/div>\n\t\t\t\t<div class=\"elementor-element elementor-element-f1f7e0c elementor-widget elementor-widget-text-editor\" data-id=\"f1f7e0c\" data-element_type=\"widget\" data-e-type=\"widget\" data-widget_type=\"text-editor.default\">\n\t\t\t\t<div class=\"elementor-widget-container\">\n\t\t\t\t\t\t\t\t\t<p>Ouvert tous les jours de 9h00 \u00e0 12h et de 14h \u00e0 16h30 sauf vendredi apr\u00e8s-midi.<\/p><p>\u00a0<\/p>\t\t\t\t\t\t\t\t<\/div>\n\t\t\t\t<\/div>\n\t\t\t\t\t<\/div>\n\t\t<\/div>\n\t\t\t\t\t<\/div>\n\t\t<\/section>\n\t\t\t\t<\/div>\n\t\t","protected":false},"excerpt":{"rendered":"<p>Contact Adresse ALSAPRINT 4 rue du Burlat 68260 KINGERSHEIM Mail info@alsaprint.fr T\u00e9l\u00e9phone 03 89 52 58 86 Ouvert tous les [&hellip;]<\/p>\n","protected":false},"author":1,"featured_media":0,"parent":0,"menu_order":0,"comment_status":"closed","ping_status":"closed","template":"page-templates\/template_fullwidth.php","meta":{"_acf_changed":false,"footnotes":""},"class_list":["post-144","page","type-page","status-publish","hentry"],"acf":[],"yoast_head":"<!-- This site is optimized with the Yoast SEO plugin v27.4 - https:\/\/yoast.com\/product\/yoast-seo-wordpress\/ -->\n<title>Contact - ALSAPRINT Imprimerie \u00e0 Mulhouse - Kingersheim<\/title>\n<meta name=\"robots\" content=\"noindex, follow\" \/>\n<meta property=\"og:locale\" content=\"fr_FR\" \/>\n<meta property=\"og:type\" content=\"article\" \/>\n<meta property=\"og:title\" content=\"Contact - ALSAPRINT Imprimerie \u00e0 Mulhouse - Kingersheim\" \/>\n<meta property=\"og:description\" content=\"Contact Adresse ALSAPRINT 4 rue du Burlat 68260 KINGERSHEIM Mail info@alsaprint.fr T\u00e9l\u00e9phone 03 89 52 58 86 Ouvert tous les [&hellip;]\" \/>\n<meta property=\"og:url\" content=\"https:\/\/alsaprint.fr\/imprimerie\/contact\/\" \/>\n<meta property=\"og:site_name\" content=\"ALSAPRINT Imprimerie \u00e0 Mulhouse - Kingersheim\" \/>\n<meta property=\"article:publisher\" content=\"https:\/\/www.facebook.com\/alsaprint68\" \/>\n<meta property=\"article:modified_time\" content=\"2026-01-13T08:40:20+00:00\" \/>\n<meta property=\"og:image\" content=\"https:\/\/ml1ap7ge16lj.i.optimole.com\/cb:crSG~56220\/w:300\/h:200\/q:mauto\/f:best\/https:\/\/alsaprint.fr\/imprimerie\/wp-content\/uploads\/2025\/04\/MAIL-alsaprint.png\" \/>\n<meta name=\"twitter:card\" content=\"summary_large_image\" \/>\n<meta name=\"twitter:label1\" content=\"Dur\u00e9e de lecture estim\u00e9e\" \/>\n\t<meta name=\"twitter:data1\" content=\"1 minute\" \/>\n<script type=\"application\/ld+json\" class=\"yoast-schema-graph\">{\"@context\":\"https:\\\/\\\/schema.org\",\"@graph\":[{\"@type\":\"WebPage\",\"@id\":\"https:\\\/\\\/alsaprint.fr\\\/imprimerie\\\/contact\\\/\",\"url\":\"https:\\\/\\\/alsaprint.fr\\\/imprimerie\\\/contact\\\/\",\"name\":\"Contact - ALSAPRINT Imprimerie \u00e0 Mulhouse - Kingersheim\",\"isPartOf\":{\"@id\":\"https:\\\/\\\/alsaprint.fr\\\/imprimerie\\\/#website\"},\"primaryImageOfPage\":{\"@id\":\"https:\\\/\\\/alsaprint.fr\\\/imprimerie\\\/contact\\\/#primaryimage\"},\"image\":{\"@id\":\"https:\\\/\\\/alsaprint.fr\\\/imprimerie\\\/contact\\\/#primaryimage\"},\"thumbnailUrl\":\"https:\\/\\/alsaprint.fr\\/imprimerie\\/wp-content\\/uploads\\/2025\\/04\\/MAIL-alsaprint-300x200.png\",\"datePublished\":\"2018-08-07T10:50:47+00:00\",\"dateModified\":\"2026-01-13T08:40:20+00:00\",\"breadcrumb\":{\"@id\":\"https:\\\/\\\/alsaprint.fr\\\/imprimerie\\\/contact\\\/#breadcrumb\"},\"inLanguage\":\"fr-FR\",\"potentialAction\":[{\"@type\":\"ReadAction\",\"target\":[\"https:\\\/\\\/alsaprint.fr\\\/imprimerie\\\/contact\\\/\"]}]},{\"@type\":\"ImageObject\",\"inLanguage\":\"fr-FR\",\"@id\":\"https:\\\/\\\/alsaprint.fr\\\/imprimerie\\\/contact\\\/#primaryimage\",\"url\":\"https:\\/\\/alsaprint.fr\\/imprimerie\\/wp-content\\/uploads\\/2025\\/04\\/MAIL-alsaprint.png\",\"contentUrl\":\"https:\\/\\/alsaprint.fr\\/imprimerie\\/wp-content\\/uploads\\/2025\\/04\\/MAIL-alsaprint.png\",\"width\":1536,\"height\":1024},{\"@type\":\"BreadcrumbList\",\"@id\":\"https:\\\/\\\/alsaprint.fr\\\/imprimerie\\\/contact\\\/#breadcrumb\",\"itemListElement\":[{\"@type\":\"ListItem\",\"position\":1,\"name\":\"Accueil\",\"item\":\"https:\\\/\\\/alsaprint.fr\\\/imprimerie\\\/\"},{\"@type\":\"ListItem\",\"position\":2,\"name\":\"Contact\"}]},{\"@type\":\"WebSite\",\"@id\":\"https:\\\/\\\/alsaprint.fr\\\/imprimerie\\\/#website\",\"url\":\"https:\\\/\\\/alsaprint.fr\\\/imprimerie\\\/\",\"name\":\"ALSAPRINT Imprimerie \u00e0 Kingersheim\",\"description\":\"Impression tout support \u00e0 Mulhouse\",\"publisher\":{\"@id\":\"https:\\\/\\\/alsaprint.fr\\\/imprimerie\\\/#organization\"},\"potentialAction\":[{\"@type\":\"SearchAction\",\"target\":{\"@type\":\"EntryPoint\",\"urlTemplate\":\"https:\\\/\\\/alsaprint.fr\\\/imprimerie\\\/?s={search_term_string}\"},\"query-input\":{\"@type\":\"PropertyValueSpecification\",\"valueRequired\":true,\"valueName\":\"search_term_string\"}}],\"inLanguage\":\"fr-FR\"},{\"@type\":\"Organization\",\"@id\":\"https:\\\/\\\/alsaprint.fr\\\/imprimerie\\\/#organization\",\"name\":\"Alsaprint.fr\",\"url\":\"https:\\\/\\\/alsaprint.fr\\\/imprimerie\\\/\",\"logo\":{\"@type\":\"ImageObject\",\"inLanguage\":\"fr-FR\",\"@id\":\"https:\\\/\\\/alsaprint.fr\\\/imprimerie\\\/#\\\/schema\\\/logo\\\/image\\\/\",\"url\":\"https:\\/\\/ml1ap7ge16lj.i.optimole.com\\/8vL0WF0.crSG~56220\\/w:453\\/h:131\\/q:auto\\/https:\\/\\/alsaprint.fr\\/imprimerie\\/wp-content\\/uploads\\/2020\\/04\\/LOGO-2020-noir.png\",\"contentUrl\":\"https:\\/\\/ml1ap7ge16lj.i.optimole.com\\/8vL0WF0.crSG~56220\\/w:453\\/h:131\\/q:auto\\/https:\\/\\/alsaprint.fr\\/imprimerie\\/wp-content\\/uploads\\/2020\\/04\\/LOGO-2020-noir.png\",\"width\":453,\"height\":131,\"caption\":\"Alsaprint.fr\"},\"image\":{\"@id\":\"https:\\\/\\\/alsaprint.fr\\\/imprimerie\\\/#\\\/schema\\\/logo\\\/image\\\/\"},\"sameAs\":[\"https:\\\/\\\/www.facebook.com\\\/alsaprint68\",\"https:\\\/\\\/www.linkedin.com\\\/company\\\/alsaprint\\\/\"]}]}<\/script>\n<!-- \/ Yoast SEO plugin. -->","yoast_head_json":{"title":"Contact - ALSAPRINT Imprimerie \u00e0 Mulhouse - Kingersheim","robots":{"index":"noindex","follow":"follow"},"og_locale":"fr_FR","og_type":"article","og_title":"Contact - ALSAPRINT Imprimerie \u00e0 Mulhouse - Kingersheim","og_description":"Contact Adresse ALSAPRINT 4 rue du Burlat 68260 KINGERSHEIM Mail info@alsaprint.fr T\u00e9l\u00e9phone 03 89 52 58 86 Ouvert tous les [&hellip;]","og_url":"https:\/\/alsaprint.fr\/imprimerie\/contact\/","og_site_name":"ALSAPRINT Imprimerie \u00e0 Mulhouse - Kingersheim","article_publisher":"https:\/\/www.facebook.com\/alsaprint68","article_modified_time":"2026-01-13T08:40:20+00:00","og_image":[{"url":"https:\/\/ml1ap7ge16lj.i.optimole.com\/cb:crSG~56220\/w:300\/h:200\/q:mauto\/f:best\/https:\/\/alsaprint.fr\/imprimerie\/wp-content\/uploads\/2025\/04\/MAIL-alsaprint.png","type":"","width":"","height":""}],"twitter_card":"summary_large_image","twitter_misc":{"Dur\u00e9e de lecture estim\u00e9e":"1 minute"},"schema":{"@context":"https:\/\/schema.org","@graph":[{"@type":"WebPage","@id":"https:\/\/alsaprint.fr\/imprimerie\/contact\/","url":"https:\/\/alsaprint.fr\/imprimerie\/contact\/","name":"Contact - ALSAPRINT Imprimerie \u00e0 Mulhouse - Kingersheim","isPartOf":{"@id":"https:\/\/alsaprint.fr\/imprimerie\/#website"},"primaryImageOfPage":{"@id":"https:\/\/alsaprint.fr\/imprimerie\/contact\/#primaryimage"},"image":{"@id":"https:\/\/alsaprint.fr\/imprimerie\/contact\/#primaryimage"},"thumbnailUrl":"https:\/\/ml1ap7ge16lj.i.optimole.com\/cb:crSG~56220\/w:300\/h:200\/q:mauto\/f:best\/https:\/\/alsaprint.fr\/imprimerie\/wp-content\/uploads\/2025\/04\/MAIL-alsaprint.png","datePublished":"2018-08-07T10:50:47+00:00","dateModified":"2026-01-13T08:40:20+00:00","breadcrumb":{"@id":"https:\/\/alsaprint.fr\/imprimerie\/contact\/#breadcrumb"},"inLanguage":"fr-FR","potentialAction":[{"@type":"ReadAction","target":["https:\/\/alsaprint.fr\/imprimerie\/contact\/"]}]},{"@type":"ImageObject","inLanguage":"fr-FR","@id":"https:\/\/alsaprint.fr\/imprimerie\/contact\/#primaryimage","url":"https:\/\/ml1ap7ge16lj.i.optimole.com\/cb:crSG~56220\/w:auto\/h:auto\/q:mauto\/f:best\/https:\/\/alsaprint.fr\/imprimerie\/wp-content\/uploads\/2025\/04\/MAIL-alsaprint.png","contentUrl":"https:\/\/ml1ap7ge16lj.i.optimole.com\/cb:crSG~56220\/w:auto\/h:auto\/q:mauto\/f:best\/https:\/\/alsaprint.fr\/imprimerie\/wp-content\/uploads\/2025\/04\/MAIL-alsaprint.png","width":1536,"height":1024},{"@type":"BreadcrumbList","@id":"https:\/\/alsaprint.fr\/imprimerie\/contact\/#breadcrumb","itemListElement":[{"@type":"ListItem","position":1,"name":"Accueil","item":"https:\/\/alsaprint.fr\/imprimerie\/"},{"@type":"ListItem","position":2,"name":"Contact"}]},{"@type":"WebSite","@id":"https:\/\/alsaprint.fr\/imprimerie\/#website","url":"https:\/\/alsaprint.fr\/imprimerie\/","name":"ALSAPRINT Imprimerie \u00e0 Kingersheim","description":"Impression tout support \u00e0 Mulhouse","publisher":{"@id":"https:\/\/alsaprint.fr\/imprimerie\/#organization"},"potentialAction":[{"@type":"SearchAction","target":{"@type":"EntryPoint","urlTemplate":"https:\/\/alsaprint.fr\/imprimerie\/?s={search_term_string}"},"query-input":{"@type":"PropertyValueSpecification","valueRequired":true,"valueName":"search_term_string"}}],"inLanguage":"fr-FR"},{"@type":"Organization","@id":"https:\/\/alsaprint.fr\/imprimerie\/#organization","name":"Alsaprint.fr","url":"https:\/\/alsaprint.fr\/imprimerie\/","logo":{"@type":"ImageObject","inLanguage":"fr-FR","@id":"https:\/\/alsaprint.fr\/imprimerie\/#\/schema\/logo\/image\/","url":"https:\/\/ml1ap7ge16lj.i.optimole.com\/8vL0WF0.crSG~56220\/w:453\/h:131\/q:auto\/https:\/\/alsaprint.fr\/imprimerie\/wp-content\/uploads\/2020\/04\/LOGO-2020-noir.png","contentUrl":"https:\/\/ml1ap7ge16lj.i.optimole.com\/8vL0WF0.crSG~56220\/w:453\/h:131\/q:auto\/https:\/\/alsaprint.fr\/imprimerie\/wp-content\/uploads\/2020\/04\/LOGO-2020-noir.png","width":453,"height":131,"caption":"Alsaprint.fr"},"image":{"@id":"https:\/\/alsaprint.fr\/imprimerie\/#\/schema\/logo\/image\/"},"sameAs":["https:\/\/www.facebook.com\/alsaprint68","https:\/\/www.linkedin.com\/company\/alsaprint\/"]}]}},"_links":{"self":[{"href":"https:\/\/alsaprint.fr\/imprimerie\/wp-json\/wp\/v2\/pages\/144","targetHints":{"allow":["GET"]}}],"collection":[{"href":"https:\/\/alsaprint.fr\/imprimerie\/wp-json\/wp\/v2\/pages"}],"about":[{"href":"https:\/\/alsaprint.fr\/imprimerie\/wp-json\/wp\/v2\/types\/page"}],"author":[{"embeddable":true,"href":"https:\/\/alsaprint.fr\/imprimerie\/wp-json\/wp\/v2\/users\/1"}],"replies":[{"embeddable":true,"href":"https:\/\/alsaprint.fr\/imprimerie\/wp-json\/wp\/v2\/comments?post=144"}],"version-history":[{"count":46,"href":"https:\/\/alsaprint.fr\/imprimerie\/wp-json\/wp\/v2\/pages\/144\/revisions"}],"predecessor-version":[{"id":1719,"href":"https:\/\/alsaprint.fr\/imprimerie\/wp-json\/wp\/v2\/pages\/144\/revisions\/1719"}],"wp:attachment":[{"href":"https:\/\/alsaprint.fr\/imprimerie\/wp-json\/wp\/v2\/media?parent=144"}],"curies":[{"name":"wp","href":"https:\/\/api.w.org\/{rel}","templated":true}]}}